{"id":1303,"date":"2022-03-06T18:24:15","date_gmt":"2022-03-06T18:24:15","guid":{"rendered":"http:\/\/www.cad4wood.eu\/about-us\/"},"modified":"2026-04-15T04:24:24","modified_gmt":"2026-04-15T04:24:24","slug":"meist","status":"publish","type":"page","link":"https:\/\/www.cad4wood.eu\/et\/meist\/","title":{"rendered":"Meist"},"content":{"rendered":"<div class=\"wpb-content-wrapper\"><p>[vc_row][vc_column][vc_column_text]<\/p>\n<h5><strong>CAD4Wood O\u00dc toob Sinuni parimad CAD\/CAM lahendused puidu- ja m\u00f6\u00f6blit\u00f6\u00f6stuses.<\/strong><\/h5>\n<p>[\/vc_column_text][\/vc_column][\/vc_row][vc_row][vc_column][vc_column_text css=&#8221;&#8221;]<\/p>\n<h6><strong>Meie peamisteks tegevusaladeks on:<\/strong><\/h6>\n<ul>\n<li>Tarkvara m\u00fc\u00fck puidu- ja m\u00f6\u00f6blitootmisettev\u00f5tetele<\/li>\n<li>Tarkvarakasutajate koolitamine<\/li>\n<li>Laserprojektorite m\u00fc\u00fck ja paigaldus erinevatele t\u00f6\u00f6stustele<\/li>\n<li>Tootmisettev\u00f5tete konsulteerimine<\/li>\n<li>Treppide projekteerimine teenusena<\/li>\n<li>Digitaalne 3D-m\u00f5\u00f5distamine teenusena<\/li>\n<\/ul>\n<p>Meie soov on olla osaks teie ettev\u00f5tte arengust, pakkudes parimat tehnoloogiat, mis tagavad efektiivsema tootmise, kiirema teeninduse ning optimeeritud materjalikulu. Oluliseks teguriks hea tulemuse saavutamisel on kvaliteetne koolitus ning usaldusv\u00e4\u00e4rne tehniline tugi.<\/p>\n<p>Ettev\u00f5tte klientideks on B2B partnerid Eestis, Soomes, L\u00e4tis, Leedus, T\u0161ehhis ja Islandil: trepit\u00f6\u00f6stused, majatehased, eritellimusm\u00f6\u00f6bli valmistajad, diivanitootjad ja teised suuremad ning v\u00e4iksemad puiduvaldkonna tootjad.<\/p>\n<p>CAD4Wood O\u00dc poolt pakutavad tarkvaralahendused on pidevalt arenevad ning uuenevad. Sellega seoses on \u00f5ppimine meie igap\u00e4evase elu osa.<\/p>\n<h6><strong>Meie koost\u00f6\u00f6partneriteks on:<\/strong><\/h6>\n<p><strong><a href=\"https:\/\/www.elecosoft.se\/\" target=\"_blank\" rel=\"noopener noreferrer\">Elecosoft Consultec<\/a><\/strong>, kelle treppide kujundamise ja tootmise tarkvara\u00a0<a href=\"https:\/\/www.cad4wood.eu\/et\/staircon\/\">Staircon<\/a>\u00a0on eelistatuim valik Skandinaavias ja p\u00f5hjamaades.<br \/>\n<strong><a href=\"https:\/\/www.topsolid.com\/\" target=\"_blank\" rel=\"noopener noreferrer\">TopSolid<\/a><\/strong>, kes on maailma juhtiv CAD&amp;CAM tarkvara looja \u00fcle 30-aastase kogemusega, ning pakub puidut\u00f6\u00f6stusele unikaalseid lahendusi\u00a0<a href=\"https:\/\/www.cad4wood.eu\/et\/topsolidwood\/\">TopSolid\u2019Wood<\/a>\u00b4i n\u00e4ol.<br \/>\n<a href=\"https:\/\/ardis.be\/\" target=\"_blank\" rel=\"noopener\"><strong>Ardis Information Systems<\/strong><\/a>, kes pakub pikaajalist partnerlust ettev\u00f5tetele, kes soovivad parandada oma materjalide kasutust ja plaadisae j\u00f5udlust l\u00e4bi aruka tehnoloogia kasutuse milleks on\u00a0<a href=\"https:\/\/www.cad4wood.eu\/et\/ardis\/\">ARDIS Optimiser<\/a>.<br \/>\n<a href=\"https:\/\/www.direkt.net\/en\/\" target=\"_blank\" rel=\"noopener\"><strong>Direkt<\/strong><\/a>, kelle universaalne CAD\/CAM tarkvara\u00a0<a href=\"https:\/\/www.cad4wood.eu\/et\/nc-hops\/\" target=\"_blank\" rel=\"noopener\">NC-Hops<\/a>\u00a0loob kvaliteetse nc-koodi igale CNC-pingile, maksimeerib tootlikkuse ja tagab kiire tee l\u00f5pptooteni.<strong><br \/>\n<a href=\"https:\/\/www.sl-laser.com\/\" target=\"_blank\" rel=\"noopener\">SL-Laser GmbH<\/a>,<\/strong>\u00a0kelle tootevalikus on maailmaklassiga t\u00f6\u00f6stuslikuks kasutamiseks sobilikud laserprojektorid\u00a0<a href=\"https:\/\/www.cad4wood.eu\/et\/sl-laser\/\" target=\"_blank\" rel=\"noopener\">ProDirector<\/a>, mis muudavad ka sinu tootmise kiiremaks ning t\u00e4psemaks.[\/vc_column_text][\/vc_column][\/vc_row]<\/p>\n<\/div>","protected":false},"excerpt":{"rendered":"<p>[vc_row][vc_column][vc_column_text] CAD4Wood O\u00dc toob Sinuni parimad CAD\/CAM lahendused puidu- ja m\u00f6\u00f6blit\u00f6\u00f6stuses. [\/vc_column_text][\/vc_column][\/vc_row][vc_row][vc_column][vc_column_text css=&#8221;&#8221;] Meie peamisteks tegevusaladeks on: Tarkvara m\u00fc\u00fck puidu- ja m\u00f6\u00f6blitootmisettev\u00f5tetele Tarkvarakasutajate koolitamine Laserprojektorite m\u00fc\u00fck ja paigaldus erinevatele t\u00f6\u00f6stustele Tootmisettev\u00f5tete konsulteerimine Treppide projekteerimine teenusena Digitaalne 3D-m\u00f5\u00f5distamine teenusena Meie soov on olla osaks teie ettev\u00f5tte arengust, pakkudes parimat tehnoloogiat, mis tagavad efektiivsema tootmise, kiirema teeninduse [&hellip;]<\/p>\n","protected":false},"author":1,"featured_media":0,"parent":0,"menu_order":0,"comment_status":"closed","ping_status":"closed","template":"page-full.php","meta":{"footnotes":""},"class_list":["post-1303","page","type-page","status-publish","hentry"],"yoast_head":"<!-- This site is optimized with the Yoast SEO plugin v26.2 - https:\/\/yoast.com\/wordpress\/plugins\/seo\/ -->\n<title>Meist - Cad4Wood<\/title>\n<meta name=\"robots\" content=\"index, follow, max-snippet:-1, max-image-preview:large, max-video-preview:-1\" \/>\n<link rel=\"canonical\" href=\"https:\/\/www.cad4wood.eu\/et\/meist\/\" \/>\n<meta property=\"og:locale\" content=\"et_EE\" \/>\n<meta property=\"og:type\" content=\"article\" \/>\n<meta property=\"og:title\" content=\"Meist - Cad4Wood\" \/>\n<meta property=\"og:description\" content=\"[vc_row][vc_column][vc_column_text] CAD4Wood O\u00dc toob Sinuni parimad CAD\/CAM lahendused puidu- ja m\u00f6\u00f6blit\u00f6\u00f6stuses. [\/vc_column_text][\/vc_column][\/vc_row][vc_row][vc_column][vc_column_text css=&#8221;&#8221;] Meie peamisteks tegevusaladeks on: Tarkvara m\u00fc\u00fck puidu- ja m\u00f6\u00f6blitootmisettev\u00f5tetele Tarkvarakasutajate koolitamine Laserprojektorite m\u00fc\u00fck ja paigaldus erinevatele t\u00f6\u00f6stustele Tootmisettev\u00f5tete konsulteerimine Treppide projekteerimine teenusena Digitaalne 3D-m\u00f5\u00f5distamine teenusena Meie soov on olla osaks teie ettev\u00f5tte arengust, pakkudes parimat tehnoloogiat, mis tagavad efektiivsema tootmise, kiirema teeninduse [&hellip;]\" \/>\n<meta property=\"og:url\" content=\"https:\/\/www.cad4wood.eu\/et\/meist\/\" \/>\n<meta property=\"og:site_name\" content=\"Cad4Wood\" \/>\n<meta property=\"article:publisher\" content=\"https:\/\/www.facebook.com\/CAD4Wood\" \/>\n<meta property=\"article:modified_time\" content=\"2026-04-15T04:24:24+00:00\" \/>\n<meta name=\"twitter:card\" content=\"summary_large_image\" \/>\n<meta name=\"twitter:label1\" content=\"Est. reading time\" \/>\n\t<meta name=\"twitter:data1\" content=\"2 minutit\" \/>\n<script type=\"application\/ld+json\" class=\"yoast-schema-graph\">{\"@context\":\"https:\/\/schema.org\",\"@graph\":[{\"@type\":\"WebPage\",\"@id\":\"https:\/\/www.cad4wood.eu\/et\/meist\/\",\"url\":\"https:\/\/www.cad4wood.eu\/et\/meist\/\",\"name\":\"Meist - Cad4Wood\",\"isPartOf\":{\"@id\":\"https:\/\/www.cad4wood.eu\/#website\"},\"datePublished\":\"2022-03-06T18:24:15+00:00\",\"dateModified\":\"2026-04-15T04:24:24+00:00\",\"breadcrumb\":{\"@id\":\"https:\/\/www.cad4wood.eu\/et\/meist\/#breadcrumb\"},\"inLanguage\":\"et\",\"potentialAction\":[{\"@type\":\"ReadAction\",\"target\":[\"https:\/\/www.cad4wood.eu\/et\/meist\/\"]}]},{\"@type\":\"BreadcrumbList\",\"@id\":\"https:\/\/www.cad4wood.eu\/et\/meist\/#breadcrumb\",\"itemListElement\":[{\"@type\":\"ListItem\",\"position\":1,\"name\":\"Home\",\"item\":\"https:\/\/www.cad4wood.eu\/et\/\"},{\"@type\":\"ListItem\",\"position\":2,\"name\":\"Meist\"}]},{\"@type\":\"WebSite\",\"@id\":\"https:\/\/www.cad4wood.eu\/#website\",\"url\":\"https:\/\/www.cad4wood.eu\/\",\"name\":\"Cad4Wood\",\"description\":\"Software and equipment for industries\",\"publisher\":{\"@id\":\"https:\/\/www.cad4wood.eu\/#organization\"},\"potentialAction\":[{\"@type\":\"SearchAction\",\"target\":{\"@type\":\"EntryPoint\",\"urlTemplate\":\"https:\/\/www.cad4wood.eu\/?s={search_term_string}\"},\"query-input\":{\"@type\":\"PropertyValueSpecification\",\"valueRequired\":true,\"valueName\":\"search_term_string\"}}],\"inLanguage\":\"et\"},{\"@type\":\"Organization\",\"@id\":\"https:\/\/www.cad4wood.eu\/#organization\",\"name\":\"Cad4Wood\",\"url\":\"https:\/\/www.cad4wood.eu\/\",\"logo\":{\"@type\":\"ImageObject\",\"inLanguage\":\"et\",\"@id\":\"https:\/\/www.cad4wood.eu\/#\/schema\/logo\/image\/\",\"url\":\"http:\/\/www.cad4wood.eu\/wp-content\/uploads\/2022\/07\/cad4wood_logo_short_web_300px-1.png\",\"contentUrl\":\"http:\/\/www.cad4wood.eu\/wp-content\/uploads\/2022\/07\/cad4wood_logo_short_web_300px-1.png\",\"width\":300,\"height\":300,\"caption\":\"Cad4Wood\"},\"image\":{\"@id\":\"https:\/\/www.cad4wood.eu\/#\/schema\/logo\/image\/\"},\"sameAs\":[\"https:\/\/www.facebook.com\/CAD4Wood\"]}]}<\/script>\n<!-- \/ Yoast SEO plugin. -->","yoast_head_json":{"title":"Meist - Cad4Wood","robots":{"index":"index","follow":"follow","max-snippet":"max-snippet:-1","max-image-preview":"max-image-preview:large","max-video-preview":"max-video-preview:-1"},"canonical":"https:\/\/www.cad4wood.eu\/et\/meist\/","og_locale":"et_EE","og_type":"article","og_title":"Meist - Cad4Wood","og_description":"[vc_row][vc_column][vc_column_text] CAD4Wood O\u00dc toob Sinuni parimad CAD\/CAM lahendused puidu- ja m\u00f6\u00f6blit\u00f6\u00f6stuses. [\/vc_column_text][\/vc_column][\/vc_row][vc_row][vc_column][vc_column_text css=&#8221;&#8221;] Meie peamisteks tegevusaladeks on: Tarkvara m\u00fc\u00fck puidu- ja m\u00f6\u00f6blitootmisettev\u00f5tetele Tarkvarakasutajate koolitamine Laserprojektorite m\u00fc\u00fck ja paigaldus erinevatele t\u00f6\u00f6stustele Tootmisettev\u00f5tete konsulteerimine Treppide projekteerimine teenusena Digitaalne 3D-m\u00f5\u00f5distamine teenusena Meie soov on olla osaks teie ettev\u00f5tte arengust, pakkudes parimat tehnoloogiat, mis tagavad efektiivsema tootmise, kiirema teeninduse [&hellip;]","og_url":"https:\/\/www.cad4wood.eu\/et\/meist\/","og_site_name":"Cad4Wood","article_publisher":"https:\/\/www.facebook.com\/CAD4Wood","article_modified_time":"2026-04-15T04:24:24+00:00","twitter_card":"summary_large_image","twitter_misc":{"Est. reading time":"2 minutit"},"schema":{"@context":"https:\/\/schema.org","@graph":[{"@type":"WebPage","@id":"https:\/\/www.cad4wood.eu\/et\/meist\/","url":"https:\/\/www.cad4wood.eu\/et\/meist\/","name":"Meist - Cad4Wood","isPartOf":{"@id":"https:\/\/www.cad4wood.eu\/#website"},"datePublished":"2022-03-06T18:24:15+00:00","dateModified":"2026-04-15T04:24:24+00:00","breadcrumb":{"@id":"https:\/\/www.cad4wood.eu\/et\/meist\/#breadcrumb"},"inLanguage":"et","potentialAction":[{"@type":"ReadAction","target":["https:\/\/www.cad4wood.eu\/et\/meist\/"]}]},{"@type":"BreadcrumbList","@id":"https:\/\/www.cad4wood.eu\/et\/meist\/#breadcrumb","itemListElement":[{"@type":"ListItem","position":1,"name":"Home","item":"https:\/\/www.cad4wood.eu\/et\/"},{"@type":"ListItem","position":2,"name":"Meist"}]},{"@type":"WebSite","@id":"https:\/\/www.cad4wood.eu\/#website","url":"https:\/\/www.cad4wood.eu\/","name":"Cad4Wood","description":"Software and equipment for industries","publisher":{"@id":"https:\/\/www.cad4wood.eu\/#organization"},"potentialAction":[{"@type":"SearchAction","target":{"@type":"EntryPoint","urlTemplate":"https:\/\/www.cad4wood.eu\/?s={search_term_string}"},"query-input":{"@type":"PropertyValueSpecification","valueRequired":true,"valueName":"search_term_string"}}],"inLanguage":"et"},{"@type":"Organization","@id":"https:\/\/www.cad4wood.eu\/#organization","name":"Cad4Wood","url":"https:\/\/www.cad4wood.eu\/","logo":{"@type":"ImageObject","inLanguage":"et","@id":"https:\/\/www.cad4wood.eu\/#\/schema\/logo\/image\/","url":"http:\/\/www.cad4wood.eu\/wp-content\/uploads\/2022\/07\/cad4wood_logo_short_web_300px-1.png","contentUrl":"http:\/\/www.cad4wood.eu\/wp-content\/uploads\/2022\/07\/cad4wood_logo_short_web_300px-1.png","width":300,"height":300,"caption":"Cad4Wood"},"image":{"@id":"https:\/\/www.cad4wood.eu\/#\/schema\/logo\/image\/"},"sameAs":["https:\/\/www.facebook.com\/CAD4Wood"]}]}},"_links":{"self":[{"href":"https:\/\/www.cad4wood.eu\/et\/wp-json\/wp\/v2\/pages\/1303","targetHints":{"allow":["GET"]}}],"collection":[{"href":"https:\/\/www.cad4wood.eu\/et\/wp-json\/wp\/v2\/pages"}],"about":[{"href":"https:\/\/www.cad4wood.eu\/et\/wp-json\/wp\/v2\/types\/page"}],"author":[{"embeddable":true,"href":"https:\/\/www.cad4wood.eu\/et\/wp-json\/wp\/v2\/users\/1"}],"replies":[{"embeddable":true,"href":"https:\/\/www.cad4wood.eu\/et\/wp-json\/wp\/v2\/comments?post=1303"}],"version-history":[{"count":5,"href":"https:\/\/www.cad4wood.eu\/et\/wp-json\/wp\/v2\/pages\/1303\/revisions"}],"predecessor-version":[{"id":2828,"href":"https:\/\/www.cad4wood.eu\/et\/wp-json\/wp\/v2\/pages\/1303\/revisions\/2828"}],"wp:attachment":[{"href":"https:\/\/www.cad4wood.eu\/et\/wp-json\/wp\/v2\/media?parent=1303"}],"curies":[{"name":"wp","href":"https:\/\/api.w.org\/{rel}","templated":true}]}}