{"id":1316,"date":"2022-03-11T15:53:03","date_gmt":"2022-03-11T15:53:03","guid":{"rendered":"http:\/\/www.cad4wood.eu\/services\/"},"modified":"2025-10-22T11:36:23","modified_gmt":"2025-10-22T11:36:23","slug":"teenused","status":"publish","type":"page","link":"https:\/\/www.cad4wood.eu\/et\/teenused\/","title":{"rendered":"Teenused"},"content":{"rendered":"<div class=\"wpb-content-wrapper\"><p>[vc_row][vc_column width=&#8221;1\/2&#8243;][vc_tta_accordion][vc_tta_section title=&#8221;Treppide projekteerimine teenusena&#8221; tab_id=&#8221;Services_Staircase&#8221;][vc_column_text]<\/p>\n<header class=\"entry-header\">Pakume treppide projekteerimise teenust. Selleks kasutame spetsiaalset CAD\/CAM tarkvara Staircon.<\/header>\n<header><\/header>\n<div class=\"entry-content clearfix\">V\u00e4iksematele trepitootjatele ning meistrimeestele, kes soovivad oma k\u00e4tega trepi valmis teha, on see suurep\u00e4rane v\u00f5imalus.<\/div>\n<div><\/div>\n<div class=\"entry-content clearfix\">Saatke meile eskiisjoonis, kus m\u00e4rgitud ava m\u00f5\u00f5dud, p\u00f5randalt p\u00f5randale k\u00f5rgus ning korruse paksus, soovitav\u00a0trepi kuju ja t\u00f5ususuund. Lisage\u00a0soovitavast trepist nii palju infot, kui v\u00f5imalik (fotod objektist, pildid enammeeldinud treppidest jms).<\/div>\n<div class=\"entry-content clearfix\">Tulemuseks trepist korralik 3D mudel, pealtvaatejoonis ning tootmiseks sobilikud detailijoonised v\u00f5i 1:1 paberzabloonid.<\/div>\n<div><\/div>\n<div>Lisainfo saamiseks v\u00f5ta meiega \u00fchendust alloleva Kontaktivormi kaudu.<\/div>\n<p>[\/vc_column_text][\/vc_tta_section][vc_tta_section title=&#8221;Digitaalne 3D-m\u00f5\u00f5distamine&#8221; tab_id=&#8221;Service_3DMeasuring&#8221;][vc_column_text]Me pakume digitaalset m\u00f5\u00f5distusteenust 3D laserm\u00f5\u00f5teseadmega.<br \/>\nTeenus sobib eritellimusm\u00f6\u00f6bli tootjatele, trepitootjatele, ehitajatele\/renoveerijatele, kellel on vajadus saada objektist t\u00e4pset 3D mudelit.<br \/>\nLisainfo saamiseks v\u00f5ta meiega \u00fchendust alloleva Kontaktivormi kaudu.[\/vc_column_text][\/vc_tta_section][vc_tta_section title=&#8221;Muud teenused&#8221; tab_id=&#8221;Services_other&#8221;][vc_row_inner][vc_column_inner][vc_column_text]Lisainfo saamiseks v\u00f5ta meiega \u00fchendust alloleva Kontaktivormi kaudu.[\/vc_column_text][\/vc_column_inner][\/vc_row_inner][\/vc_tta_section][\/vc_tta_accordion][\/vc_column][vc_column width=&#8221;1\/2&#8243;][vc_raw_html el_id=&#8221;Sketchfab_EST_1&#8243;]JTNDZGl2JTIwY2xhc3MlM0QlMjJza2V0Y2hmYWItZW1iZWQtd3JhcHBlciUyMiUzRSUyMCUwQSUzQ2lmcmFtZSUyMHRpdGxlJTNEJTIyQ2xhc3NpY18wMyUyMiUyMGZyYW1lYm9yZGVyJTNEJTIyMCUyMiUyMGFsbG93ZnVsbHNjcmVlbiUyMG1vemFsbG93ZnVsbHNjcmVlbiUzRCUyMnRydWUlMjIlMjB3ZWJraXRhbGxvd2Z1bGxzY3JlZW4lM0QlMjJ0cnVlJTIyJTIwYWxsb3clM0QlMjJhdXRvcGxheSUzQiUyMGZ1bGxzY3JlZW4lM0IlMjB4ci1zcGF0aWFsLXRyYWNraW5nJTIyJTIweHItc3BhdGlhbC10cmFja2luZyUyMGV4ZWN1dGlvbi13aGlsZS1vdXQtb2Ytdmlld3BvcnQlMjBleGVjdXRpb24td2hpbGUtbm90LXJlbmRlcmVkJTIwd2ViLXNoYXJlJTIwd2lkdGglM0QlMjI2MDAlMjIlMjBoZWlnaHQlM0QlMjI0NTAlMjIlMjBzcmMlM0QlMjJodHRwcyUzQSUyRiUyRnNrZXRjaGZhYi5jb20lMkZtb2RlbHMlMkYxMDNjNDA0YzBhNjM0NTVhYjljODc0YzMxNGYyYWFkZiUyRmVtYmVkJTNGYXV0b3NwaW4lM0QxJTI2YXV0b3N0YXJ0JTNEMSUyNnVpX3RoZW1lJTNEZGFyayUyMiUzRSUyMCUzQyUyRmlmcmFtZSUzRSUyMCUzQ3AlMjBzdHlsZSUzRCUyMmZvbnQtc2l6ZSUzQSUyMDEzcHglM0IlMjBmb250LXdlaWdodCUzQSUyMG5vcm1hbCUzQiUyMG1hcmdpbiUzQSUyMDVweCUzQiUyMGNvbG9yJTNBJTIwJTIzNEE0QTRBJTNCJTIyJTNFJTIwJTNDYSUyMGhyZWYlM0QlMjJodHRwcyUzQSUyRiUyRnNrZXRjaGZhYi5jb20lMkYzZC1tb2RlbHMlMkZjbGFzc2ljLTAzLTEwM2M0MDRjMGE2MzQ1NWFiOWM4NzRjMzE0ZjJhYWRmJTNGdXRtX21lZGl1bSUzRGVtYmVkJTI2dXRtX2NhbXBhaWduJTNEc2hhcmUtcG9wdXAlMjZ1dG1fY29udGVudCUzRDEwM2M0MDRjMGE2MzQ1NWFiOWM4NzRjMzE0ZjJhYWRmJTIyJTIwdGFyZ2V0JTNEJTIyX2JsYW5rJTIyJTIwc3R5bGUlM0QlMjJmb250LXdlaWdodCUzQSUyMGJvbGQlM0IlMjBjb2xvciUzQSUyMCUyMzFDQUFEOSUzQiUyMiUzRSUyMENsYXNzaWNfMDMlMjAlM0MlMkZhJTNFJTIwYnklMjAlM0NhJTIwaHJlZiUzRCUyMmh0dHBzJTNBJTJGJTJGc2tldGNoZmFiLmNvbSUyRmNhZDR3b29kJTNGdXRtX21lZGl1bSUzRGVtYmVkJTI2dXRtX2NhbXBhaWduJTNEc2hhcmUtcG9wdXAlMjZ1dG1fY29udGVudCUzRDEwM2M0MDRjMGE2MzQ1NWFiOWM4NzRjMzE0ZjJhYWRmJTIyJTIwdGFyZ2V0JTNEJTIyX2JsYW5rJTIyJTIwc3R5bGUlM0QlMjJmb250LXdlaWdodCUzQSUyMGJvbGQlM0IlMjBjb2xvciUzQSUyMCUyMzFDQUFEOSUzQiUyMiUzRSUyMENBRDRXb29kJTIwLSUyMEFsYXJpJTIwJTNDJTJGYSUzRSUyMG9uJTIwJTNDYSUyMGhyZWYlM0QlMjJodHRwcyUzQSUyRiUyRnNrZXRjaGZhYi5jb20lM0Z1dG1fbWVkaXVtJTNEZW1iZWQlMjZ1dG1fY2FtcGFpZ24lM0RzaGFyZS1wb3B1cCUyNnV0bV9jb250ZW50JTNEMTAzYzQwNGMwYTYzNDU1YWI5Yzg3NGMzMTRmMmFhZGYlMjIlMjB0YXJnZXQlM0QlMjJfYmxhbmslMjIlMjBzdHlsZSUzRCUyMmZvbnQtd2VpZ2h0JTNBJTIwYm9sZCUzQiUyMGNvbG9yJTNBJTIwJTIzMUNBQUQ5JTNCJTIyJTNFU2tldGNoZmFiJTNDJTJGYSUzRSUzQyUyRnAlM0UlMEElM0MlMkZkaXYlM0U=[\/vc_raw_html][\/vc_column][\/vc_row][vc_row][vc_column][vc_custom_heading text=&#8221;Kirjuta Meile!&#8221; font_container=&#8221;tag:h2|text_align:left|color:%2327cbf7&#8243; use_theme_fonts=&#8221;yes&#8221;][\/vc_column][\/vc_row][vc_row][vc_column]\n<div class=\"wpcf7 no-js\" id=\"wpcf7-f178-o1\" lang=\"et\" dir=\"ltr\" data-wpcf7-id=\"178\">\n<div class=\"screen-reader-response\"><p role=\"status\" aria-live=\"polite\" aria-atomic=\"true\"><\/p> <ul><\/ul><\/div>\n<form action=\"\/et\/wp-json\/wp\/v2\/pages\/1316#wpcf7-f178-o1\" method=\"post\" class=\"wpcf7-form init\" aria-label=\"Contact form\" novalidate=\"novalidate\" data-status=\"init\">\n<fieldset class=\"hidden-fields-container\"><input type=\"hidden\" name=\"_wpcf7\" value=\"178\" \/><input type=\"hidden\" name=\"_wpcf7_version\" value=\"6.1.2\" \/><input type=\"hidden\" name=\"_wpcf7_locale\" value=\"et\" \/><input type=\"hidden\" name=\"_wpcf7_unit_tag\" value=\"wpcf7-f178-o1\" \/><input type=\"hidden\" name=\"_wpcf7_container_post\" value=\"0\" \/><input type=\"hidden\" name=\"_wpcf7_posted_data_hash\" value=\"\" \/><input type=\"hidden\" name=\"_wpcf7_recaptcha_response\" value=\"\" \/>\n<\/fieldset>\n<div class=\"container\">\n\t<div class=\"row\">\n\t\t<div class=\"col-6 col-md-6\">\n\t\t\t<p><label> Telefon<br \/>\n<span class=\"wpcf7-form-control-wrap\" data-name=\"your-name\"><input size=\"40\" maxlength=\"400\" class=\"wpcf7-form-control wpcf7-text wpcf7-validates-as-required\" aria-required=\"true\" aria-invalid=\"false\" value=\"\" type=\"text\" name=\"your-name\" \/><\/span> <\/label>\n\t\t\t<\/p>\n\t\t<\/div>\n\t\t<div class=\"col-6 col-md-6\">\n\t\t\t<p><label> E-post<br \/>\n<span class=\"wpcf7-form-control-wrap\" data-name=\"your-email\"><input size=\"40\" maxlength=\"400\" class=\"wpcf7-form-control wpcf7-email wpcf7-validates-as-required wpcf7-text wpcf7-validates-as-email\" aria-required=\"true\" aria-invalid=\"false\" value=\"\" type=\"email\" name=\"your-email\" \/><\/span> <\/label>\n\t\t\t<\/p>\n\t\t<\/div>\n\t<\/div>\n\t<div class=\"row\">\n\t\t<div class=\"col-6 col-md-6\">\n\t\t\t<p><label> Ettev\u00f5te<br \/>\n<span class=\"wpcf7-form-control-wrap\" data-name=\"your-subject\"><input size=\"40\" maxlength=\"400\" class=\"wpcf7-form-control wpcf7-text wpcf7-validates-as-required\" aria-required=\"true\" aria-invalid=\"false\" value=\"\" type=\"text\" name=\"your-subject\" \/><\/span> <\/label>\n\t\t\t<\/p>\n\t\t<\/div>\n\t\t<div class=\"col-6 col-md-6\">\n\t\t\t<p><label> Toode<br \/>\n<span class=\"wpcf7-form-control-wrap\" data-name=\"menu-729\"><select class=\"wpcf7-form-control wpcf7-select\" aria-invalid=\"false\" name=\"menu-729\"><option value=\"Staircon\">Staircon<\/option><option value=\"Topsolid\">Topsolid<\/option><option value=\"Ardis\">Ardis<\/option><option value=\"NC-Hops\">NC-Hops<\/option><option value=\"SL-Laser\">SL-Laser<\/option><option value=\"Flexijet\">Flexijet<\/option><option value=\"Muu toode\">Muu toode<\/option><\/select><\/span> <\/label>\n\t\t\t<\/p>\n\t\t<\/div>\n\t<\/div>\n\t<div class=\"row\">\n\t\t<div class=\"col-12 col-md-12\">\n\t\t\t<p><label> S\u00f5numi sisu, nimi, ametikoht<br \/>\n<span class=\"wpcf7-form-control-wrap\" data-name=\"your-message\"><textarea cols=\"40\" rows=\"5\" maxlength=\"2000\" class=\"wpcf7-form-control wpcf7-textarea\" aria-invalid=\"false\" name=\"your-message\"><\/textarea><\/span> <\/label>\n\t\t\t<\/p>\n\t\t<\/div>\n\t<\/div>\n\t<div class=\"row\">\n\t\t<div class=\"col-12 col-md-12\">\n\t\t\t<p><input class=\"wpcf7-form-control wpcf7-submit has-spinner\" type=\"submit\" value=\"Saada\" \/>\n\t\t\t<\/p>\n\t\t<\/div>\n\t<\/div>\n<\/div><div class=\"wpcf7-response-output\" aria-hidden=\"true\"><\/div>\n<\/form>\n<\/div>\n[\/vc_column][\/vc_row]<\/p>\n<\/div>","protected":false},"excerpt":{"rendered":"<p>[vc_row][vc_column width=&#8221;1\/2&#8243;][vc_tta_accordion][vc_tta_section title=&#8221;Treppide projekteerimine teenusena&#8221; tab_id=&#8221;Services_Staircase&#8221;][vc_column_text] Pakume treppide projekteerimise teenust. Selleks kasutame spetsiaalset CAD\/CAM tarkvara Staircon. V\u00e4iksematele trepitootjatele ning meistrimeestele, kes soovivad oma k\u00e4tega trepi valmis teha, on see suurep\u00e4rane v\u00f5imalus. Saatke meile eskiisjoonis, kus m\u00e4rgitud ava m\u00f5\u00f5dud, p\u00f5randalt p\u00f5randale k\u00f5rgus ning korruse paksus, soovitav\u00a0trepi kuju ja t\u00f5ususuund. Lisage\u00a0soovitavast trepist nii palju infot, kui v\u00f5imalik [&hellip;]<\/p>\n","protected":false},"author":2,"featured_media":0,"parent":0,"menu_order":0,"comment_status":"closed","ping_status":"closed","template":"page-full.php","meta":{"footnotes":""},"class_list":["post-1316","page","type-page","status-publish","hentry"],"yoast_head":"<!-- This site is optimized with the Yoast SEO plugin v26.2 - https:\/\/yoast.com\/wordpress\/plugins\/seo\/ -->\n<title>Teenused - Cad4Wood<\/title>\n<meta name=\"robots\" content=\"index, follow, max-snippet:-1, max-image-preview:large, max-video-preview:-1\" \/>\n<link rel=\"canonical\" href=\"https:\/\/www.cad4wood.eu\/et\/teenused\/\" \/>\n<meta property=\"og:locale\" content=\"et_EE\" \/>\n<meta property=\"og:type\" content=\"article\" \/>\n<meta property=\"og:title\" content=\"Teenused - Cad4Wood\" \/>\n<meta property=\"og:description\" content=\"[vc_row][vc_column width=&#8221;1\/2&#8243;][vc_tta_accordion][vc_tta_section title=&#8221;Treppide projekteerimine teenusena&#8221; tab_id=&#8221;Services_Staircase&#8221;][vc_column_text] Pakume treppide projekteerimise teenust. Selleks kasutame spetsiaalset CAD\/CAM tarkvara Staircon. V\u00e4iksematele trepitootjatele ning meistrimeestele, kes soovivad oma k\u00e4tega trepi valmis teha, on see suurep\u00e4rane v\u00f5imalus. Saatke meile eskiisjoonis, kus m\u00e4rgitud ava m\u00f5\u00f5dud, p\u00f5randalt p\u00f5randale k\u00f5rgus ning korruse paksus, soovitav\u00a0trepi kuju ja t\u00f5ususuund. Lisage\u00a0soovitavast trepist nii palju infot, kui v\u00f5imalik [&hellip;]\" \/>\n<meta property=\"og:url\" content=\"https:\/\/www.cad4wood.eu\/et\/teenused\/\" \/>\n<meta property=\"og:site_name\" content=\"Cad4Wood\" \/>\n<meta property=\"article:publisher\" content=\"https:\/\/www.facebook.com\/CAD4Wood\" \/>\n<meta property=\"article:modified_time\" content=\"2025-10-22T11:36:23+00:00\" \/>\n<meta name=\"twitter:card\" content=\"summary_large_image\" \/>\n<meta name=\"twitter:label1\" content=\"Est. reading time\" \/>\n\t<meta name=\"twitter:data1\" content=\"1 minut\" \/>\n<script type=\"application\/ld+json\" class=\"yoast-schema-graph\">{\"@context\":\"https:\/\/schema.org\",\"@graph\":[{\"@type\":\"WebPage\",\"@id\":\"https:\/\/www.cad4wood.eu\/et\/teenused\/\",\"url\":\"https:\/\/www.cad4wood.eu\/et\/teenused\/\",\"name\":\"Teenused - Cad4Wood\",\"isPartOf\":{\"@id\":\"https:\/\/www.cad4wood.eu\/#website\"},\"datePublished\":\"2022-03-11T15:53:03+00:00\",\"dateModified\":\"2025-10-22T11:36:23+00:00\",\"breadcrumb\":{\"@id\":\"https:\/\/www.cad4wood.eu\/et\/teenused\/#breadcrumb\"},\"inLanguage\":\"et\",\"potentialAction\":[{\"@type\":\"ReadAction\",\"target\":[\"https:\/\/www.cad4wood.eu\/et\/teenused\/\"]}]},{\"@type\":\"BreadcrumbList\",\"@id\":\"https:\/\/www.cad4wood.eu\/et\/teenused\/#breadcrumb\",\"itemListElement\":[{\"@type\":\"ListItem\",\"position\":1,\"name\":\"Home\",\"item\":\"https:\/\/www.cad4wood.eu\/et\/\"},{\"@type\":\"ListItem\",\"position\":2,\"name\":\"Teenused\"}]},{\"@type\":\"WebSite\",\"@id\":\"https:\/\/www.cad4wood.eu\/#website\",\"url\":\"https:\/\/www.cad4wood.eu\/\",\"name\":\"Cad4Wood\",\"description\":\"Software and equipment for industries\",\"publisher\":{\"@id\":\"https:\/\/www.cad4wood.eu\/#organization\"},\"potentialAction\":[{\"@type\":\"SearchAction\",\"target\":{\"@type\":\"EntryPoint\",\"urlTemplate\":\"https:\/\/www.cad4wood.eu\/?s={search_term_string}\"},\"query-input\":{\"@type\":\"PropertyValueSpecification\",\"valueRequired\":true,\"valueName\":\"search_term_string\"}}],\"inLanguage\":\"et\"},{\"@type\":\"Organization\",\"@id\":\"https:\/\/www.cad4wood.eu\/#organization\",\"name\":\"Cad4Wood\",\"url\":\"https:\/\/www.cad4wood.eu\/\",\"logo\":{\"@type\":\"ImageObject\",\"inLanguage\":\"et\",\"@id\":\"https:\/\/www.cad4wood.eu\/#\/schema\/logo\/image\/\",\"url\":\"http:\/\/www.cad4wood.eu\/wp-content\/uploads\/2022\/07\/cad4wood_logo_short_web_300px-1.png\",\"contentUrl\":\"http:\/\/www.cad4wood.eu\/wp-content\/uploads\/2022\/07\/cad4wood_logo_short_web_300px-1.png\",\"width\":300,\"height\":300,\"caption\":\"Cad4Wood\"},\"image\":{\"@id\":\"https:\/\/www.cad4wood.eu\/#\/schema\/logo\/image\/\"},\"sameAs\":[\"https:\/\/www.facebook.com\/CAD4Wood\"]}]}<\/script>\n<!-- \/ Yoast SEO plugin. -->","yoast_head_json":{"title":"Teenused - Cad4Wood","robots":{"index":"index","follow":"follow","max-snippet":"max-snippet:-1","max-image-preview":"max-image-preview:large","max-video-preview":"max-video-preview:-1"},"canonical":"https:\/\/www.cad4wood.eu\/et\/teenused\/","og_locale":"et_EE","og_type":"article","og_title":"Teenused - Cad4Wood","og_description":"[vc_row][vc_column width=&#8221;1\/2&#8243;][vc_tta_accordion][vc_tta_section title=&#8221;Treppide projekteerimine teenusena&#8221; tab_id=&#8221;Services_Staircase&#8221;][vc_column_text] Pakume treppide projekteerimise teenust. Selleks kasutame spetsiaalset CAD\/CAM tarkvara Staircon. V\u00e4iksematele trepitootjatele ning meistrimeestele, kes soovivad oma k\u00e4tega trepi valmis teha, on see suurep\u00e4rane v\u00f5imalus. Saatke meile eskiisjoonis, kus m\u00e4rgitud ava m\u00f5\u00f5dud, p\u00f5randalt p\u00f5randale k\u00f5rgus ning korruse paksus, soovitav\u00a0trepi kuju ja t\u00f5ususuund. Lisage\u00a0soovitavast trepist nii palju infot, kui v\u00f5imalik [&hellip;]","og_url":"https:\/\/www.cad4wood.eu\/et\/teenused\/","og_site_name":"Cad4Wood","article_publisher":"https:\/\/www.facebook.com\/CAD4Wood","article_modified_time":"2025-10-22T11:36:23+00:00","twitter_card":"summary_large_image","twitter_misc":{"Est. reading time":"1 minut"},"schema":{"@context":"https:\/\/schema.org","@graph":[{"@type":"WebPage","@id":"https:\/\/www.cad4wood.eu\/et\/teenused\/","url":"https:\/\/www.cad4wood.eu\/et\/teenused\/","name":"Teenused - Cad4Wood","isPartOf":{"@id":"https:\/\/www.cad4wood.eu\/#website"},"datePublished":"2022-03-11T15:53:03+00:00","dateModified":"2025-10-22T11:36:23+00:00","breadcrumb":{"@id":"https:\/\/www.cad4wood.eu\/et\/teenused\/#breadcrumb"},"inLanguage":"et","potentialAction":[{"@type":"ReadAction","target":["https:\/\/www.cad4wood.eu\/et\/teenused\/"]}]},{"@type":"BreadcrumbList","@id":"https:\/\/www.cad4wood.eu\/et\/teenused\/#breadcrumb","itemListElement":[{"@type":"ListItem","position":1,"name":"Home","item":"https:\/\/www.cad4wood.eu\/et\/"},{"@type":"ListItem","position":2,"name":"Teenused"}]},{"@type":"WebSite","@id":"https:\/\/www.cad4wood.eu\/#website","url":"https:\/\/www.cad4wood.eu\/","name":"Cad4Wood","description":"Software and equipment for industries","publisher":{"@id":"https:\/\/www.cad4wood.eu\/#organization"},"potentialAction":[{"@type":"SearchAction","target":{"@type":"EntryPoint","urlTemplate":"https:\/\/www.cad4wood.eu\/?s={search_term_string}"},"query-input":{"@type":"PropertyValueSpecification","valueRequired":true,"valueName":"search_term_string"}}],"inLanguage":"et"},{"@type":"Organization","@id":"https:\/\/www.cad4wood.eu\/#organization","name":"Cad4Wood","url":"https:\/\/www.cad4wood.eu\/","logo":{"@type":"ImageObject","inLanguage":"et","@id":"https:\/\/www.cad4wood.eu\/#\/schema\/logo\/image\/","url":"http:\/\/www.cad4wood.eu\/wp-content\/uploads\/2022\/07\/cad4wood_logo_short_web_300px-1.png","contentUrl":"http:\/\/www.cad4wood.eu\/wp-content\/uploads\/2022\/07\/cad4wood_logo_short_web_300px-1.png","width":300,"height":300,"caption":"Cad4Wood"},"image":{"@id":"https:\/\/www.cad4wood.eu\/#\/schema\/logo\/image\/"},"sameAs":["https:\/\/www.facebook.com\/CAD4Wood"]}]}},"_links":{"self":[{"href":"https:\/\/www.cad4wood.eu\/et\/wp-json\/wp\/v2\/pages\/1316","targetHints":{"allow":["GET"]}}],"collection":[{"href":"https:\/\/www.cad4wood.eu\/et\/wp-json\/wp\/v2\/pages"}],"about":[{"href":"https:\/\/www.cad4wood.eu\/et\/wp-json\/wp\/v2\/types\/page"}],"author":[{"embeddable":true,"href":"https:\/\/www.cad4wood.eu\/et\/wp-json\/wp\/v2\/users\/2"}],"replies":[{"embeddable":true,"href":"https:\/\/www.cad4wood.eu\/et\/wp-json\/wp\/v2\/comments?post=1316"}],"version-history":[{"count":5,"href":"https:\/\/www.cad4wood.eu\/et\/wp-json\/wp\/v2\/pages\/1316\/revisions"}],"predecessor-version":[{"id":1942,"href":"https:\/\/www.cad4wood.eu\/et\/wp-json\/wp\/v2\/pages\/1316\/revisions\/1942"}],"wp:attachment":[{"href":"https:\/\/www.cad4wood.eu\/et\/wp-json\/wp\/v2\/media?parent=1316"}],"curies":[{"name":"wp","href":"https:\/\/api.w.org\/{rel}","templated":true}]}}