{"id":1470,"date":"2022-03-06T18:24:15","date_gmt":"2022-03-06T18:24:15","guid":{"rendered":"http:\/\/www.cad4wood.eu\/meista\/"},"modified":"2026-04-15T04:26:46","modified_gmt":"2026-04-15T04:26:46","slug":"meista","status":"publish","type":"page","link":"https:\/\/www.cad4wood.eu\/fi\/meista\/","title":{"rendered":"Meist\u00e4"},"content":{"rendered":"<div class=\"wpb-content-wrapper\"><p>[vc_row][vc_column][vc_column_text]<\/p>\n<h5><strong>CAD4Wood tuo sinulle puu- ja huonekaluteollisuuden parhaat CAD\/CAM-ratkaisut.<\/strong><\/h5>\n<p>[\/vc_column_text][\/vc_column][\/vc_row][vc_row][vc_column][vc_column_text css=&#8221;&#8221;]<\/p>\n<h6><strong>P\u00e4\u00e4toimialamme ovat:<\/strong><\/h6>\n<ul>\n<li>Ohjelmistojen myynti puu- ja huonekaluteollisuudelle<\/li>\n<li>Ohjelmiston k\u00e4ytt\u00e4jien kouluttaminen<\/li>\n<li>Laserprojektorien myynti ja asennus eri teollisuudenaloille<\/li>\n<li>Tuotantoyritysten konsultointi<\/li>\n<li>Portaiden suunnittelu palveluna<\/li>\n<li>Digitaalinen 3D-mittaus palveluna<\/li>\n<\/ul>\n<p>Haluamme olla osa yrityksesi kehityst\u00e4 tarjoamalla parasta teknologiaa, joka varmistaa tehokkaamman tuotannon, nopeamman palvelun ja optimoidun materiaalin kulutuksen. T\u00e4rke\u00e4 tekij\u00e4 hyv\u00e4n tuloksen saavuttamisessa on laadukas koulutus ja luotettava tekninen tuki.<\/p>\n<p>Yrityksen asiakkaita ovat B2B-kumppanit Virossa, Suomessa, Latviassa, Liettuassa, T\u0161ekiss\u00e4 ja Islannissa: porrasteollisuus, talotehtaat, mittatilaushuonekalujen valmistajat, sohvavalmistajat sek\u00e4 muut isommat ja pienemm\u00e4t puuteollisuuden valmistajat.<\/p>\n<p>CAD4Woodin ohjelmistoratkaisut kehittyv\u00e4t ja uudistuvat jatkuvasti. T\u00e4ss\u00e4 suhteessa oppiminen on osa jokap\u00e4iv\u00e4ist\u00e4 el\u00e4m\u00e4\u00e4mme.<\/p>\n<h6><strong>Yhteisty\u00f6kumppaneitamme ovat:<\/strong><\/h6>\n<p><strong><a href=\"https:\/\/www.elecosoft.se\/\" target=\"_blank\" rel=\"noopener noreferrer\">Elecosoft Consultec<\/a>,<\/strong>\u00a0jonka portaiden suunnittelu- ja tuotantoohjelmisto\u00a0<a href=\"https:\/\/www.cad4wood.eu\/fi\/staircon\/\">Staircon<\/a>\u00a0on suosituin valinta Skandinaviassa ja Pohjoismaissa.<br \/>\n<strong><a href=\"http:\/\/www.topsolid.com\/\" target=\"_blank\" rel=\"noopener noreferrer\">TopSolid<\/a><\/strong>, maailman johtava CAD&amp;CAM-ohjelmistojen luoja, jolla on yli 30 vuoden kokemus, tarjoaa ainutlaatuisia ratkaisuja puuteollisuudelle\u00a0<span style=\"box-sizing: border-box; margin: 0px; padding: 0px;\"><a href=\"https:\/\/www.cad4wood.eu\/fi\/topsolidwood\/\" target=\"_blank\" rel=\"noopener\">TopSolid Wood<\/a>in<\/span>\u00a0muodossa.<br \/>\n<span style=\"box-sizing: border-box; margin: 0px; padding: 0px;\"><a href=\"https:\/\/ardis.be\/\" target=\"_blank\" rel=\"noopener\"><strong>Ardis Information Systems<\/strong><\/a>\u00a0tarjoaa pitk\u00e4aikaisen kumppanuuden yrityksille, jotka haluavat parantaa materiaalink\u00e4ytt\u00f6\u00e4\u00e4n ja levysahojen suorituskyky\u00e4 \u00e4lykk\u00e4\u00e4n teknologian\u00a0<a href=\"https:\/\/www.cad4wood.eu\/fi\/ardis\/\" target=\"_blank\" rel=\"noopener\">ARDIS Optimiser<\/a>in avulla.<\/span><br \/>\n<a href=\"https:\/\/www.direkt.net\/en\/\" target=\"_blank\" rel=\"noopener\"><strong>Direkt<\/strong><\/a>, jonka universaali CAD\/CAM-ohjelmisto\u00a0<a href=\"https:\/\/www.cad4wood.eu\/fi\/nc-hops\/\" rel=\"noopener\">NC-Hops<\/a>\u00a0luo korkealaatuisen nc-koodin jokaiselle CNC-koneelle, maksimoi tuottavuuden ja varmistaa nopean polun lopputuotteeseen.<strong><br \/>\n<\/strong><span style=\"box-sizing: border-box; margin: 0px; padding: 0px;\"><a href=\"https:\/\/www.sl-laser.com\/index.php\/en\/\" target=\"_blank\" rel=\"noopener\"><strong>SL-Laser GmbH<\/strong><\/a><strong>,<\/strong>\u00a0jonka tuotevalikoimaan kuuluu teollisuusk\u00e4ytt\u00f6\u00f6n soveltuvia maailmanluokan\u00a0<a href=\"https:\/\/www.cad4wood.eu\/fi\/sl-laser\/\" target=\"_blank\" rel=\"noopener\">ProDirector<\/a>-laserprojektoreita, jotka my\u00f6s tekev\u00e4t tuotannostasi nopeammaksi ja tarkemmaksi.<\/span><\/p>\n<h6><strong>Tuotantoteknologiakumppanisi.<\/strong><\/h6>\n<p>[\/vc_column_text][\/vc_column][\/vc_row]<\/p>\n<\/div>","protected":false},"excerpt":{"rendered":"<p>[vc_row][vc_column][vc_column_text] CAD4Wood tuo sinulle puu- ja huonekaluteollisuuden parhaat CAD\/CAM-ratkaisut. [\/vc_column_text][\/vc_column][\/vc_row][vc_row][vc_column][vc_column_text css=&#8221;&#8221;] P\u00e4\u00e4toimialamme ovat: Ohjelmistojen myynti puu- ja huonekaluteollisuudelle Ohjelmiston k\u00e4ytt\u00e4jien kouluttaminen Laserprojektorien myynti ja asennus eri teollisuudenaloille Tuotantoyritysten konsultointi Portaiden suunnittelu palveluna Digitaalinen 3D-mittaus palveluna Haluamme olla osa yrityksesi kehityst\u00e4 tarjoamalla parasta teknologiaa, joka varmistaa tehokkaamman tuotannon, nopeamman palvelun ja optimoidun materiaalin kulutuksen. T\u00e4rke\u00e4 tekij\u00e4 [&hellip;]<\/p>\n","protected":false},"author":1,"featured_media":0,"parent":0,"menu_order":0,"comment_status":"closed","ping_status":"closed","template":"page-full.php","meta":{"footnotes":""},"class_list":["post-1470","page","type-page","status-publish","hentry"],"yoast_head":"<!-- This site is optimized with the Yoast SEO plugin v26.2 - https:\/\/yoast.com\/wordpress\/plugins\/seo\/ -->\n<title>Meist\u00e4 - Cad4Wood<\/title>\n<meta name=\"robots\" content=\"index, follow, max-snippet:-1, max-image-preview:large, max-video-preview:-1\" \/>\n<link rel=\"canonical\" href=\"https:\/\/www.cad4wood.eu\/fi\/meista\/\" \/>\n<meta property=\"og:locale\" content=\"fi_FI\" \/>\n<meta property=\"og:type\" content=\"article\" \/>\n<meta property=\"og:title\" content=\"Meist\u00e4 - Cad4Wood\" \/>\n<meta property=\"og:description\" content=\"[vc_row][vc_column][vc_column_text] CAD4Wood tuo sinulle puu- ja huonekaluteollisuuden parhaat CAD\/CAM-ratkaisut. [\/vc_column_text][\/vc_column][\/vc_row][vc_row][vc_column][vc_column_text css=&#8221;&#8221;] P\u00e4\u00e4toimialamme ovat: Ohjelmistojen myynti puu- ja huonekaluteollisuudelle Ohjelmiston k\u00e4ytt\u00e4jien kouluttaminen Laserprojektorien myynti ja asennus eri teollisuudenaloille Tuotantoyritysten konsultointi Portaiden suunnittelu palveluna Digitaalinen 3D-mittaus palveluna Haluamme olla osa yrityksesi kehityst\u00e4 tarjoamalla parasta teknologiaa, joka varmistaa tehokkaamman tuotannon, nopeamman palvelun ja optimoidun materiaalin kulutuksen. T\u00e4rke\u00e4 tekij\u00e4 [&hellip;]\" \/>\n<meta property=\"og:url\" content=\"https:\/\/www.cad4wood.eu\/fi\/meista\/\" \/>\n<meta property=\"og:site_name\" content=\"Cad4Wood\" \/>\n<meta property=\"article:publisher\" content=\"https:\/\/www.facebook.com\/CAD4Wood\" \/>\n<meta property=\"article:modified_time\" content=\"2026-04-15T04:26:46+00:00\" \/>\n<meta name=\"twitter:card\" content=\"summary_large_image\" \/>\n<meta name=\"twitter:label1\" content=\"Arvioitu lukuaika\" \/>\n\t<meta name=\"twitter:data1\" content=\"2 minuuttia\" \/>\n<script type=\"application\/ld+json\" class=\"yoast-schema-graph\">{\"@context\":\"https:\/\/schema.org\",\"@graph\":[{\"@type\":\"WebPage\",\"@id\":\"https:\/\/www.cad4wood.eu\/fi\/meista\/\",\"url\":\"https:\/\/www.cad4wood.eu\/fi\/meista\/\",\"name\":\"Meist\u00e4 - Cad4Wood\",\"isPartOf\":{\"@id\":\"https:\/\/www.cad4wood.eu\/#website\"},\"datePublished\":\"2022-03-06T18:24:15+00:00\",\"dateModified\":\"2026-04-15T04:26:46+00:00\",\"breadcrumb\":{\"@id\":\"https:\/\/www.cad4wood.eu\/fi\/meista\/#breadcrumb\"},\"inLanguage\":\"fi\",\"potentialAction\":[{\"@type\":\"ReadAction\",\"target\":[\"https:\/\/www.cad4wood.eu\/fi\/meista\/\"]}]},{\"@type\":\"BreadcrumbList\",\"@id\":\"https:\/\/www.cad4wood.eu\/fi\/meista\/#breadcrumb\",\"itemListElement\":[{\"@type\":\"ListItem\",\"position\":1,\"name\":\"Home\",\"item\":\"https:\/\/www.cad4wood.eu\/fi\/\"},{\"@type\":\"ListItem\",\"position\":2,\"name\":\"Meist\u00e4\"}]},{\"@type\":\"WebSite\",\"@id\":\"https:\/\/www.cad4wood.eu\/#website\",\"url\":\"https:\/\/www.cad4wood.eu\/\",\"name\":\"Cad4Wood\",\"description\":\"Software and equipment for industries\",\"publisher\":{\"@id\":\"https:\/\/www.cad4wood.eu\/#organization\"},\"potentialAction\":[{\"@type\":\"SearchAction\",\"target\":{\"@type\":\"EntryPoint\",\"urlTemplate\":\"https:\/\/www.cad4wood.eu\/?s={search_term_string}\"},\"query-input\":{\"@type\":\"PropertyValueSpecification\",\"valueRequired\":true,\"valueName\":\"search_term_string\"}}],\"inLanguage\":\"fi\"},{\"@type\":\"Organization\",\"@id\":\"https:\/\/www.cad4wood.eu\/#organization\",\"name\":\"Cad4Wood\",\"url\":\"https:\/\/www.cad4wood.eu\/\",\"logo\":{\"@type\":\"ImageObject\",\"inLanguage\":\"fi\",\"@id\":\"https:\/\/www.cad4wood.eu\/#\/schema\/logo\/image\/\",\"url\":\"http:\/\/www.cad4wood.eu\/wp-content\/uploads\/2022\/07\/cad4wood_logo_short_web_300px-1.png\",\"contentUrl\":\"http:\/\/www.cad4wood.eu\/wp-content\/uploads\/2022\/07\/cad4wood_logo_short_web_300px-1.png\",\"width\":300,\"height\":300,\"caption\":\"Cad4Wood\"},\"image\":{\"@id\":\"https:\/\/www.cad4wood.eu\/#\/schema\/logo\/image\/\"},\"sameAs\":[\"https:\/\/www.facebook.com\/CAD4Wood\"]}]}<\/script>\n<!-- \/ Yoast SEO plugin. -->","yoast_head_json":{"title":"Meist\u00e4 - Cad4Wood","robots":{"index":"index","follow":"follow","max-snippet":"max-snippet:-1","max-image-preview":"max-image-preview:large","max-video-preview":"max-video-preview:-1"},"canonical":"https:\/\/www.cad4wood.eu\/fi\/meista\/","og_locale":"fi_FI","og_type":"article","og_title":"Meist\u00e4 - Cad4Wood","og_description":"[vc_row][vc_column][vc_column_text] CAD4Wood tuo sinulle puu- ja huonekaluteollisuuden parhaat CAD\/CAM-ratkaisut. [\/vc_column_text][\/vc_column][\/vc_row][vc_row][vc_column][vc_column_text css=&#8221;&#8221;] P\u00e4\u00e4toimialamme ovat: Ohjelmistojen myynti puu- ja huonekaluteollisuudelle Ohjelmiston k\u00e4ytt\u00e4jien kouluttaminen Laserprojektorien myynti ja asennus eri teollisuudenaloille Tuotantoyritysten konsultointi Portaiden suunnittelu palveluna Digitaalinen 3D-mittaus palveluna Haluamme olla osa yrityksesi kehityst\u00e4 tarjoamalla parasta teknologiaa, joka varmistaa tehokkaamman tuotannon, nopeamman palvelun ja optimoidun materiaalin kulutuksen. T\u00e4rke\u00e4 tekij\u00e4 [&hellip;]","og_url":"https:\/\/www.cad4wood.eu\/fi\/meista\/","og_site_name":"Cad4Wood","article_publisher":"https:\/\/www.facebook.com\/CAD4Wood","article_modified_time":"2026-04-15T04:26:46+00:00","twitter_card":"summary_large_image","twitter_misc":{"Arvioitu lukuaika":"2 minuuttia"},"schema":{"@context":"https:\/\/schema.org","@graph":[{"@type":"WebPage","@id":"https:\/\/www.cad4wood.eu\/fi\/meista\/","url":"https:\/\/www.cad4wood.eu\/fi\/meista\/","name":"Meist\u00e4 - Cad4Wood","isPartOf":{"@id":"https:\/\/www.cad4wood.eu\/#website"},"datePublished":"2022-03-06T18:24:15+00:00","dateModified":"2026-04-15T04:26:46+00:00","breadcrumb":{"@id":"https:\/\/www.cad4wood.eu\/fi\/meista\/#breadcrumb"},"inLanguage":"fi","potentialAction":[{"@type":"ReadAction","target":["https:\/\/www.cad4wood.eu\/fi\/meista\/"]}]},{"@type":"BreadcrumbList","@id":"https:\/\/www.cad4wood.eu\/fi\/meista\/#breadcrumb","itemListElement":[{"@type":"ListItem","position":1,"name":"Home","item":"https:\/\/www.cad4wood.eu\/fi\/"},{"@type":"ListItem","position":2,"name":"Meist\u00e4"}]},{"@type":"WebSite","@id":"https:\/\/www.cad4wood.eu\/#website","url":"https:\/\/www.cad4wood.eu\/","name":"Cad4Wood","description":"Software and equipment for industries","publisher":{"@id":"https:\/\/www.cad4wood.eu\/#organization"},"potentialAction":[{"@type":"SearchAction","target":{"@type":"EntryPoint","urlTemplate":"https:\/\/www.cad4wood.eu\/?s={search_term_string}"},"query-input":{"@type":"PropertyValueSpecification","valueRequired":true,"valueName":"search_term_string"}}],"inLanguage":"fi"},{"@type":"Organization","@id":"https:\/\/www.cad4wood.eu\/#organization","name":"Cad4Wood","url":"https:\/\/www.cad4wood.eu\/","logo":{"@type":"ImageObject","inLanguage":"fi","@id":"https:\/\/www.cad4wood.eu\/#\/schema\/logo\/image\/","url":"http:\/\/www.cad4wood.eu\/wp-content\/uploads\/2022\/07\/cad4wood_logo_short_web_300px-1.png","contentUrl":"http:\/\/www.cad4wood.eu\/wp-content\/uploads\/2022\/07\/cad4wood_logo_short_web_300px-1.png","width":300,"height":300,"caption":"Cad4Wood"},"image":{"@id":"https:\/\/www.cad4wood.eu\/#\/schema\/logo\/image\/"},"sameAs":["https:\/\/www.facebook.com\/CAD4Wood"]}]}},"_links":{"self":[{"href":"https:\/\/www.cad4wood.eu\/fi\/wp-json\/wp\/v2\/pages\/1470","targetHints":{"allow":["GET"]}}],"collection":[{"href":"https:\/\/www.cad4wood.eu\/fi\/wp-json\/wp\/v2\/pages"}],"about":[{"href":"https:\/\/www.cad4wood.eu\/fi\/wp-json\/wp\/v2\/types\/page"}],"author":[{"embeddable":true,"href":"https:\/\/www.cad4wood.eu\/fi\/wp-json\/wp\/v2\/users\/1"}],"replies":[{"embeddable":true,"href":"https:\/\/www.cad4wood.eu\/fi\/wp-json\/wp\/v2\/comments?post=1470"}],"version-history":[{"count":5,"href":"https:\/\/www.cad4wood.eu\/fi\/wp-json\/wp\/v2\/pages\/1470\/revisions"}],"predecessor-version":[{"id":2829,"href":"https:\/\/www.cad4wood.eu\/fi\/wp-json\/wp\/v2\/pages\/1470\/revisions\/2829"}],"wp:attachment":[{"href":"https:\/\/www.cad4wood.eu\/fi\/wp-json\/wp\/v2\/media?parent=1470"}],"curies":[{"name":"wp","href":"https:\/\/api.w.org\/{rel}","templated":true}]}}