{"id":1473,"date":"2022-03-11T15:53:03","date_gmt":"2022-03-11T15:53:03","guid":{"rendered":"http:\/\/www.cad4wood.eu\/palvelut\/"},"modified":"2025-10-22T11:38:52","modified_gmt":"2025-10-22T11:38:52","slug":"palvelut","status":"publish","type":"page","link":"https:\/\/www.cad4wood.eu\/fi\/palvelut\/","title":{"rendered":"Palvelut"},"content":{"rendered":"<div class=\"wpb-content-wrapper\"><p>[vc_row][vc_column width=&#8221;1\/2&#8243;][vc_tta_accordion][vc_tta_section title=&#8221;Portaiden suunnittelu palveluna&#8221; tab_id=&#8221;Services_Staircase&#8221;][vc_column_text]<\/p>\n<header class=\"entry-header\">\n<p class=\"entry-title\">Tarjoamme portaiden suunnittelupalvelua. K\u00e4yt\u00e4mme t\u00e4h\u00e4n erityist\u00e4 CAD\/CAM-ohjelmistoa Staircon.<\/p>\n<\/header>\n<div class=\"entry-content clearfix\">\n<p>T\u00e4m\u00e4 on loistava tilaisuus pienille portaiden valmistajille ja k\u00e4sity\u00f6l\u00e4isille, jotka haluavat tehd\u00e4 portaat omin k\u00e4sin.<\/p>\n<p>L\u00e4het\u00e4 meille luonnos josta ilmenev\u00e4t aukon mitat, korkeus lattiasta kerrokseen ja lattian paksuus, haluttu portaiden muoto ja noususuunta. Lis\u00e4\u00e4 mahdollisimman paljon tietoa halutusta portaikosta (kuvat kohteesta, kuvat portaista, joista pidit eniten jne.).<\/p>\n<p>Tuloksena on kunnollinen 3D-malli portaista, ylh\u00e4\u00e4lt\u00e4 katsottuna piirustus ja yksityiskohtaiset piirustukset tai tuotantoon sopivat 1:1 paperi sapluunat.<\/p>\n<p>Jos haluat lis\u00e4tietoja, ota meihin yhteytt\u00e4 alla olevan yhteydenottolomakkeen kautta.<\/p>\n<\/div>\n<p>[\/vc_column_text][\/vc_tta_section][vc_tta_section title=&#8221;Digitaalinen 3D-mittaus&#8221; tab_id=&#8221;Service_3DMeasuring&#8221;][vc_column_text]Tarjoamme digitaalisia mittauspalveluja 3D-lasermittauslaitteilla.<br \/>\nPalvelu soveltuu mittatilausty\u00f6n\u00e4 valmistettaville huonekalujen valmistajille, portaiden valmistajille, rakentajille\/remontoijille, joiden on saatava kohteesta tarkka 3D-malli.<br \/>\nJos haluat lis\u00e4tietoja, ota meihin yhteytt\u00e4 alla olevan yhteydenottolomakkeen kautta.[\/vc_column_text][\/vc_tta_section][vc_tta_section title=&#8221;Muut palvelut&#8221; tab_id=&#8221;Services_other&#8221;][vc_row_inner][vc_column_inner][vc_column_text]Jos haluat lis\u00e4tietoja, ota meihin yhteytt\u00e4 alla olevan yhteydenottolomakkeen kautta.[\/vc_column_text][\/vc_column_inner][\/vc_row_inner][\/vc_tta_section][\/vc_tta_accordion][\/vc_column][vc_column width=&#8221;1\/2&#8243;][vc_raw_html el_id=&#8221;Sketchfab_FIN_1&#8243;]JTNDZGl2JTIwY2xhc3MlM0QlMjJza2V0Y2hmYWItZW1iZWQtd3JhcHBlciUyMiUzRSUzQ2lmcmFtZSUyMHRpdGxlJTNEJTIyQ2xhc3NpY18wMyUyMiUyMHNyYyUzRCUyMmh0dHBzJTNBJTJGJTJGc2tldGNoZmFiLmNvbSUyRm1vZGVscyUyRjEwM2M0MDRjMGE2MzQ1NWFiOWM4NzRjMzE0ZjJhYWRmJTJGZW1iZWQlM0ZhdXRvc3BpbiUzRDElMjZhbXAlM0JhdXRvc3RhcnQlM0QxJTI2YW1wJTNCdWlfdGhlbWUlM0RkYXJrJTIyJTIwd2lkdGglM0QlMjI2MDAlMjIlMjBoZWlnaHQlM0QlMjI0NTAlMjIlMjBmcmFtZWJvcmRlciUzRCUyMjAlMjIlMjBhbGxvd2Z1bGxzY3JlZW4lM0QlMjJhbGxvd2Z1bGxzY3JlZW4lMjIlM0UlMjAlM0MlMkZpZnJhbWUlM0UlMEElM0NwJTIwc3R5bGUlM0QlMjJmb250LXNpemUlM0ElMjAxM3B4JTNCJTIwZm9udC13ZWlnaHQlM0ElMjBub3JtYWwlM0IlMjBtYXJnaW4lM0ElMjA1cHglM0IlMjBjb2xvciUzQSUyMCUyMzRhNGE0YSUzQiUyMiUzRSUzQ2ElMjBzdHlsZSUzRCUyMmZvbnQtd2VpZ2h0JTNBJTIwYm9sZCUzQiUyMGNvbG9yJTNBJTIwJTIzMWNhYWQ5JTNCJTIyJTIwaHJlZiUzRCUyMmh0dHBzJTNBJTJGJTJGc2tldGNoZmFiLmNvbSUyRjNkLW1vZGVscyUyRmNsYXNzaWMtMDMtMTAzYzQwNGMwYTYzNDU1YWI5Yzg3NGMzMTRmMmFhZGYlM0Z1dG1fbWVkaXVtJTNEZW1iZWQlMjZhbXAlM0J1dG1fY2FtcGFpZ24lM0RzaGFyZS1wb3B1cCUyNmFtcCUzQnV0bV9jb250ZW50JTNEMTAzYzQwNGMwYTYzNDU1YWI5Yzg3NGMzMTRmMmFhZGYlMjIlMjB0YXJnZXQlM0QlMjJfYmxhbmslMjIlMjByZWwlM0QlMjJub29wZW5lciUyMiUzRSUyMENsYXNzaWNfMDMlMjAlM0MlMkZhJTNFJTIwYnklMjAlM0NhJTIwc3R5bGUlM0QlMjJmb250LXdlaWdodCUzQSUyMGJvbGQlM0IlMjBjb2xvciUzQSUyMCUyMzFjYWFkOSUzQiUyMiUyMGhyZWYlM0QlMjJodHRwcyUzQSUyRiUyRnNrZXRjaGZhYi5jb20lMkZjYWQ0d29vZCUzRnV0bV9tZWRpdW0lM0RlbWJlZCUyNmFtcCUzQnV0bV9jYW1wYWlnbiUzRHNoYXJlLXBvcHVwJTI2YW1wJTNCdXRtX2NvbnRlbnQlM0QxMDNjNDA0YzBhNjM0NTVhYjljODc0YzMxNGYyYWFkZiUyMiUyMHRhcmdldCUzRCUyMl9ibGFuayUyMiUyMHJlbCUzRCUyMm5vb3BlbmVyJTIyJTNFJTIwQ0FENFdvb2QlMjAtJTIwQWxhcmklMjAlM0MlMkZhJTNFJTIwb24lMjAlM0NhJTIwc3R5bGUlM0QlMjJmb250LXdlaWdodCUzQSUyMGJvbGQlM0IlMjBjb2xvciUzQSUyMCUyMzFjYWFkOSUzQiUyMiUyMGhyZWYlM0QlMjJodHRwcyUzQSUyRiUyRnNrZXRjaGZhYi5jb20lM0Z1dG1fbWVkaXVtJTNEZW1iZWQlMjZhbXAlM0J1dG1fY2FtcGFpZ24lM0RzaGFyZS1wb3B1cCUyNmFtcCUzQnV0bV9jb250ZW50JTNEMTAzYzQwNGMwYTYzNDU1YWI5Yzg3NGMzMTRmMmFhZGYlMjIlMjB0YXJnZXQlM0QlMjJfYmxhbmslMjIlMjByZWwlM0QlMjJub29wZW5lciUyMiUzRVNrZXRjaGZhYiUzQyUyRmElM0UlM0MlMkZwJTNFJTBBJTBBJTNDJTJGZGl2JTNF[\/vc_raw_html][\/vc_column][\/vc_row][vc_row][vc_column][vc_custom_heading text=&#8221;Ota meihin yhteytt\u00e4!&#8221; font_container=&#8221;tag:h2|text_align:left|color:%2327cbf7&#8243; use_theme_fonts=&#8221;yes&#8221;][\/vc_column][\/vc_row][vc_row][vc_column]\n<div class=\"wpcf7 no-js\" id=\"wpcf7-f1503-o1\" lang=\"fi\" dir=\"ltr\" data-wpcf7-id=\"1503\">\n<div class=\"screen-reader-response\"><p role=\"status\" aria-live=\"polite\" aria-atomic=\"true\"><\/p> <ul><\/ul><\/div>\n<form action=\"\/fi\/wp-json\/wp\/v2\/pages\/1473#wpcf7-f1503-o1\" method=\"post\" class=\"wpcf7-form init\" aria-label=\"Yhteydenottolomake\" novalidate=\"novalidate\" data-status=\"init\">\n<fieldset class=\"hidden-fields-container\"><input type=\"hidden\" name=\"_wpcf7\" value=\"1503\" \/><input type=\"hidden\" name=\"_wpcf7_version\" value=\"6.1.2\" \/><input type=\"hidden\" name=\"_wpcf7_locale\" value=\"fi\" \/><input type=\"hidden\" name=\"_wpcf7_unit_tag\" value=\"wpcf7-f1503-o1\" \/><input type=\"hidden\" name=\"_wpcf7_container_post\" value=\"0\" \/><input type=\"hidden\" name=\"_wpcf7_posted_data_hash\" value=\"\" \/><input type=\"hidden\" name=\"_wpcf7_recaptcha_response\" value=\"\" \/>\n<\/fieldset>\n<div class=\"container\">\n\t<div class=\"row\">\n\t\t<div class=\"col-6 col-md-6\">\n\t\t\t<p><label> Puhelin<br \/>\n<span class=\"wpcf7-form-control-wrap\" data-name=\"your-name\"><input size=\"40\" maxlength=\"400\" class=\"wpcf7-form-control wpcf7-text wpcf7-validates-as-required\" aria-required=\"true\" aria-invalid=\"false\" value=\"\" type=\"text\" name=\"your-name\" \/><\/span> <\/label>\n\t\t\t<\/p>\n\t\t<\/div>\n\t\t<div class=\"col-6 col-md-6\">\n\t\t\t<p><label> S\u00e4hk\u00f6postiosoitteesi<br \/>\n<span class=\"wpcf7-form-control-wrap\" data-name=\"your-email\"><input size=\"40\" maxlength=\"400\" class=\"wpcf7-form-control wpcf7-email wpcf7-validates-as-required wpcf7-text wpcf7-validates-as-email\" aria-required=\"true\" aria-invalid=\"false\" value=\"\" type=\"email\" name=\"your-email\" \/><\/span> <\/label>\n\t\t\t<\/p>\n\t\t<\/div>\n\t<\/div>\n\t<div class=\"row\">\n\t\t<div class=\"col-6 col-md-6\">\n\t\t\t<p><label> Yritys<br \/>\n<span class=\"wpcf7-form-control-wrap\" data-name=\"your-subject\"><input size=\"40\" maxlength=\"400\" class=\"wpcf7-form-control wpcf7-text wpcf7-validates-as-required\" aria-required=\"true\" aria-invalid=\"false\" value=\"\" type=\"text\" name=\"your-subject\" \/><\/span> <\/label>\n\t\t\t<\/p>\n\t\t<\/div>\n\t\t<div class=\"col-6 col-md-6\">\n\t\t\t<p><label> Tuote<br \/>\n<span class=\"wpcf7-form-control-wrap\" data-name=\"menu-729\"><select class=\"wpcf7-form-control wpcf7-select\" aria-invalid=\"false\" name=\"menu-729\"><option value=\"Staircon\">Staircon<\/option><option value=\"Topsolid\">Topsolid<\/option><option value=\"Ardis\">Ardis<\/option><option value=\"NC-Hops\">NC-Hops<\/option><option value=\"SL-Laser\">SL-Laser<\/option><option value=\"Flexijet\">Flexijet<\/option><option value=\"Muu\">Muu<\/option><\/select><\/span> <\/label>\n\t\t\t<\/p>\n\t\t<\/div>\n\t<\/div>\n\t<div class=\"row\">\n\t\t<div class=\"col-12 col-md-12\">\n\t\t\t<p><label> Viestin sis\u00e4lt\u00f6, nimi, asema<br \/>\n<span class=\"wpcf7-form-control-wrap\" data-name=\"your-message\"><textarea cols=\"40\" rows=\"5\" maxlength=\"2000\" class=\"wpcf7-form-control wpcf7-textarea\" aria-invalid=\"false\" name=\"your-message\"><\/textarea><\/span> <\/label>\n\t\t\t<\/p>\n\t\t<\/div>\n\t<\/div>\n\t<div class=\"row\">\n\t\t<div class=\"col-12 col-md-12\">\n\t\t\t<p><input class=\"wpcf7-form-control wpcf7-submit has-spinner\" type=\"submit\" value=\"L\u00e4het\u00e4\" \/>\n\t\t\t<\/p>\n\t\t<\/div>\n\t<\/div>\n<\/div><div class=\"wpcf7-response-output\" aria-hidden=\"true\"><\/div>\n<\/form>\n<\/div>\n[\/vc_column][\/vc_row]<\/p>\n<\/div>","protected":false},"excerpt":{"rendered":"<p>[vc_row][vc_column width=&#8221;1\/2&#8243;][vc_tta_accordion][vc_tta_section title=&#8221;Portaiden suunnittelu palveluna&#8221; tab_id=&#8221;Services_Staircase&#8221;][vc_column_text] Tarjoamme portaiden suunnittelupalvelua. K\u00e4yt\u00e4mme t\u00e4h\u00e4n erityist\u00e4 CAD\/CAM-ohjelmistoa Staircon. T\u00e4m\u00e4 on loistava tilaisuus pienille portaiden valmistajille ja k\u00e4sity\u00f6l\u00e4isille, jotka haluavat tehd\u00e4 portaat omin k\u00e4sin. L\u00e4het\u00e4 meille luonnos josta ilmenev\u00e4t aukon mitat, korkeus lattiasta kerrokseen ja lattian paksuus, haluttu portaiden muoto ja noususuunta. Lis\u00e4\u00e4 mahdollisimman paljon tietoa halutusta portaikosta (kuvat kohteesta, [&hellip;]<\/p>\n","protected":false},"author":2,"featured_media":0,"parent":0,"menu_order":0,"comment_status":"closed","ping_status":"closed","template":"page-full.php","meta":{"footnotes":""},"class_list":["post-1473","page","type-page","status-publish","hentry"],"yoast_head":"<!-- This site is optimized with the Yoast SEO plugin v26.2 - https:\/\/yoast.com\/wordpress\/plugins\/seo\/ -->\n<title>Palvelut - Cad4Wood<\/title>\n<meta name=\"robots\" content=\"index, follow, max-snippet:-1, max-image-preview:large, max-video-preview:-1\" \/>\n<link rel=\"canonical\" href=\"https:\/\/www.cad4wood.eu\/fi\/palvelut\/\" \/>\n<meta property=\"og:locale\" content=\"fi_FI\" \/>\n<meta property=\"og:type\" content=\"article\" \/>\n<meta property=\"og:title\" content=\"Palvelut - Cad4Wood\" \/>\n<meta property=\"og:description\" content=\"[vc_row][vc_column width=&#8221;1\/2&#8243;][vc_tta_accordion][vc_tta_section title=&#8221;Portaiden suunnittelu palveluna&#8221; tab_id=&#8221;Services_Staircase&#8221;][vc_column_text] Tarjoamme portaiden suunnittelupalvelua. K\u00e4yt\u00e4mme t\u00e4h\u00e4n erityist\u00e4 CAD\/CAM-ohjelmistoa Staircon. T\u00e4m\u00e4 on loistava tilaisuus pienille portaiden valmistajille ja k\u00e4sity\u00f6l\u00e4isille, jotka haluavat tehd\u00e4 portaat omin k\u00e4sin. L\u00e4het\u00e4 meille luonnos josta ilmenev\u00e4t aukon mitat, korkeus lattiasta kerrokseen ja lattian paksuus, haluttu portaiden muoto ja noususuunta. Lis\u00e4\u00e4 mahdollisimman paljon tietoa halutusta portaikosta (kuvat kohteesta, [&hellip;]\" \/>\n<meta property=\"og:url\" content=\"https:\/\/www.cad4wood.eu\/fi\/palvelut\/\" \/>\n<meta property=\"og:site_name\" content=\"Cad4Wood\" \/>\n<meta property=\"article:publisher\" content=\"https:\/\/www.facebook.com\/CAD4Wood\" \/>\n<meta property=\"article:modified_time\" content=\"2025-10-22T11:38:52+00:00\" \/>\n<meta name=\"twitter:card\" content=\"summary_large_image\" \/>\n<meta name=\"twitter:label1\" content=\"Arvioitu lukuaika\" \/>\n\t<meta name=\"twitter:data1\" content=\"1 minuutti\" \/>\n<script type=\"application\/ld+json\" class=\"yoast-schema-graph\">{\"@context\":\"https:\/\/schema.org\",\"@graph\":[{\"@type\":\"WebPage\",\"@id\":\"https:\/\/www.cad4wood.eu\/fi\/palvelut\/\",\"url\":\"https:\/\/www.cad4wood.eu\/fi\/palvelut\/\",\"name\":\"Palvelut - Cad4Wood\",\"isPartOf\":{\"@id\":\"https:\/\/www.cad4wood.eu\/#website\"},\"datePublished\":\"2022-03-11T15:53:03+00:00\",\"dateModified\":\"2025-10-22T11:38:52+00:00\",\"breadcrumb\":{\"@id\":\"https:\/\/www.cad4wood.eu\/fi\/palvelut\/#breadcrumb\"},\"inLanguage\":\"fi\",\"potentialAction\":[{\"@type\":\"ReadAction\",\"target\":[\"https:\/\/www.cad4wood.eu\/fi\/palvelut\/\"]}]},{\"@type\":\"BreadcrumbList\",\"@id\":\"https:\/\/www.cad4wood.eu\/fi\/palvelut\/#breadcrumb\",\"itemListElement\":[{\"@type\":\"ListItem\",\"position\":1,\"name\":\"Home\",\"item\":\"https:\/\/www.cad4wood.eu\/fi\/\"},{\"@type\":\"ListItem\",\"position\":2,\"name\":\"Palvelut\"}]},{\"@type\":\"WebSite\",\"@id\":\"https:\/\/www.cad4wood.eu\/#website\",\"url\":\"https:\/\/www.cad4wood.eu\/\",\"name\":\"Cad4Wood\",\"description\":\"Software and equipment for industries\",\"publisher\":{\"@id\":\"https:\/\/www.cad4wood.eu\/#organization\"},\"potentialAction\":[{\"@type\":\"SearchAction\",\"target\":{\"@type\":\"EntryPoint\",\"urlTemplate\":\"https:\/\/www.cad4wood.eu\/?s={search_term_string}\"},\"query-input\":{\"@type\":\"PropertyValueSpecification\",\"valueRequired\":true,\"valueName\":\"search_term_string\"}}],\"inLanguage\":\"fi\"},{\"@type\":\"Organization\",\"@id\":\"https:\/\/www.cad4wood.eu\/#organization\",\"name\":\"Cad4Wood\",\"url\":\"https:\/\/www.cad4wood.eu\/\",\"logo\":{\"@type\":\"ImageObject\",\"inLanguage\":\"fi\",\"@id\":\"https:\/\/www.cad4wood.eu\/#\/schema\/logo\/image\/\",\"url\":\"http:\/\/www.cad4wood.eu\/wp-content\/uploads\/2022\/07\/cad4wood_logo_short_web_300px-1.png\",\"contentUrl\":\"http:\/\/www.cad4wood.eu\/wp-content\/uploads\/2022\/07\/cad4wood_logo_short_web_300px-1.png\",\"width\":300,\"height\":300,\"caption\":\"Cad4Wood\"},\"image\":{\"@id\":\"https:\/\/www.cad4wood.eu\/#\/schema\/logo\/image\/\"},\"sameAs\":[\"https:\/\/www.facebook.com\/CAD4Wood\"]}]}<\/script>\n<!-- \/ Yoast SEO plugin. -->","yoast_head_json":{"title":"Palvelut - Cad4Wood","robots":{"index":"index","follow":"follow","max-snippet":"max-snippet:-1","max-image-preview":"max-image-preview:large","max-video-preview":"max-video-preview:-1"},"canonical":"https:\/\/www.cad4wood.eu\/fi\/palvelut\/","og_locale":"fi_FI","og_type":"article","og_title":"Palvelut - Cad4Wood","og_description":"[vc_row][vc_column width=&#8221;1\/2&#8243;][vc_tta_accordion][vc_tta_section title=&#8221;Portaiden suunnittelu palveluna&#8221; tab_id=&#8221;Services_Staircase&#8221;][vc_column_text] Tarjoamme portaiden suunnittelupalvelua. K\u00e4yt\u00e4mme t\u00e4h\u00e4n erityist\u00e4 CAD\/CAM-ohjelmistoa Staircon. T\u00e4m\u00e4 on loistava tilaisuus pienille portaiden valmistajille ja k\u00e4sity\u00f6l\u00e4isille, jotka haluavat tehd\u00e4 portaat omin k\u00e4sin. L\u00e4het\u00e4 meille luonnos josta ilmenev\u00e4t aukon mitat, korkeus lattiasta kerrokseen ja lattian paksuus, haluttu portaiden muoto ja noususuunta. Lis\u00e4\u00e4 mahdollisimman paljon tietoa halutusta portaikosta (kuvat kohteesta, [&hellip;]","og_url":"https:\/\/www.cad4wood.eu\/fi\/palvelut\/","og_site_name":"Cad4Wood","article_publisher":"https:\/\/www.facebook.com\/CAD4Wood","article_modified_time":"2025-10-22T11:38:52+00:00","twitter_card":"summary_large_image","twitter_misc":{"Arvioitu lukuaika":"1 minuutti"},"schema":{"@context":"https:\/\/schema.org","@graph":[{"@type":"WebPage","@id":"https:\/\/www.cad4wood.eu\/fi\/palvelut\/","url":"https:\/\/www.cad4wood.eu\/fi\/palvelut\/","name":"Palvelut - Cad4Wood","isPartOf":{"@id":"https:\/\/www.cad4wood.eu\/#website"},"datePublished":"2022-03-11T15:53:03+00:00","dateModified":"2025-10-22T11:38:52+00:00","breadcrumb":{"@id":"https:\/\/www.cad4wood.eu\/fi\/palvelut\/#breadcrumb"},"inLanguage":"fi","potentialAction":[{"@type":"ReadAction","target":["https:\/\/www.cad4wood.eu\/fi\/palvelut\/"]}]},{"@type":"BreadcrumbList","@id":"https:\/\/www.cad4wood.eu\/fi\/palvelut\/#breadcrumb","itemListElement":[{"@type":"ListItem","position":1,"name":"Home","item":"https:\/\/www.cad4wood.eu\/fi\/"},{"@type":"ListItem","position":2,"name":"Palvelut"}]},{"@type":"WebSite","@id":"https:\/\/www.cad4wood.eu\/#website","url":"https:\/\/www.cad4wood.eu\/","name":"Cad4Wood","description":"Software and equipment for industries","publisher":{"@id":"https:\/\/www.cad4wood.eu\/#organization"},"potentialAction":[{"@type":"SearchAction","target":{"@type":"EntryPoint","urlTemplate":"https:\/\/www.cad4wood.eu\/?s={search_term_string}"},"query-input":{"@type":"PropertyValueSpecification","valueRequired":true,"valueName":"search_term_string"}}],"inLanguage":"fi"},{"@type":"Organization","@id":"https:\/\/www.cad4wood.eu\/#organization","name":"Cad4Wood","url":"https:\/\/www.cad4wood.eu\/","logo":{"@type":"ImageObject","inLanguage":"fi","@id":"https:\/\/www.cad4wood.eu\/#\/schema\/logo\/image\/","url":"http:\/\/www.cad4wood.eu\/wp-content\/uploads\/2022\/07\/cad4wood_logo_short_web_300px-1.png","contentUrl":"http:\/\/www.cad4wood.eu\/wp-content\/uploads\/2022\/07\/cad4wood_logo_short_web_300px-1.png","width":300,"height":300,"caption":"Cad4Wood"},"image":{"@id":"https:\/\/www.cad4wood.eu\/#\/schema\/logo\/image\/"},"sameAs":["https:\/\/www.facebook.com\/CAD4Wood"]}]}},"_links":{"self":[{"href":"https:\/\/www.cad4wood.eu\/fi\/wp-json\/wp\/v2\/pages\/1473","targetHints":{"allow":["GET"]}}],"collection":[{"href":"https:\/\/www.cad4wood.eu\/fi\/wp-json\/wp\/v2\/pages"}],"about":[{"href":"https:\/\/www.cad4wood.eu\/fi\/wp-json\/wp\/v2\/types\/page"}],"author":[{"embeddable":true,"href":"https:\/\/www.cad4wood.eu\/fi\/wp-json\/wp\/v2\/users\/2"}],"replies":[{"embeddable":true,"href":"https:\/\/www.cad4wood.eu\/fi\/wp-json\/wp\/v2\/comments?post=1473"}],"version-history":[{"count":5,"href":"https:\/\/www.cad4wood.eu\/fi\/wp-json\/wp\/v2\/pages\/1473\/revisions"}],"predecessor-version":[{"id":1943,"href":"https:\/\/www.cad4wood.eu\/fi\/wp-json\/wp\/v2\/pages\/1473\/revisions\/1943"}],"wp:attachment":[{"href":"https:\/\/www.cad4wood.eu\/fi\/wp-json\/wp\/v2\/media?parent=1473"}],"curies":[{"name":"wp","href":"https:\/\/api.w.org\/{rel}","templated":true}]}}