{"id":1476,"date":"2022-07-01T12:02:30","date_gmt":"2022-07-01T12:02:30","guid":{"rendered":"http:\/\/www.cad4wood.eu\/tekninen-tuki\/"},"modified":"2025-10-22T11:39:36","modified_gmt":"2025-10-22T11:39:36","slug":"tekninen-tuki","status":"publish","type":"page","link":"https:\/\/www.cad4wood.eu\/fi\/tekninen-tuki\/","title":{"rendered":"Tekninen tuki"},"content":{"rendered":"<div class=\"wpb-content-wrapper\"><p>[vc_row gap=&#8221;20&#8243;][vc_column][vc_column_text]<\/p>\n<h5><strong>Asiakaskeskeisyys onnistumisesi eteen.<\/strong><\/h5>\n<p>[\/vc_column_text][vc_column_text]Suhteemme ei p\u00e4\u00e4ty ohjelmiston tai laitteen asennukseen. T\u00e4m\u00e4 on vasta alkua.<\/p>\n<p>Tarjoamme tukea s\u00e4hk\u00f6postitse, valmistelemme video-oppaan tai j\u00e4rjest\u00e4mme verkkoistunnon (<a href=\"https:\/\/www.teamviewer.com\/en\/download\/windows\/\">Teamviewer<\/a>).<\/p>\n<p>CAD4Woodilla on myynti- ja teknisen tuen toimistot Virossa, Suomessa ja Liettuassa. L\u00f6yd\u00e4t l\u00e4himm\u00e4n edustajan\u00a0<a href=\"http:\/\/www.cad4wood.eu\/fi\/yhteydenotto\/\">yhteystiedoistamme<\/a>.<\/p>\n<p>Paras ja nopein tapa saada tukea, kirjoita meille: <a href=\"mailto:support@cad4wood.eu\">support@cad4wood.eu<\/a><\/p>\n<p>Tai k\u00e4yt\u00e4 yhteydenottolomakettamme:[\/vc_column_text][\/vc_column][\/vc_row][vc_row css=&#8221;.vc_custom_1652260399715{margin-top: 32px !important;background-color: #ffffff !important;border-radius: 5px !important;}&#8221;][vc_column][vc_custom_heading text=&#8221;Ota meihin yhteytt\u00e4!&#8221; font_container=&#8221;tag:h2|text_align:left|color:%2327cbf7&#8243; use_theme_fonts=&#8221;yes&#8221; css=&#8221;.vc_custom_1652260354607{margin-bottom: 32px !important;}&#8221;]\n<div class=\"wpcf7 no-js\" id=\"wpcf7-f1503-o1\" lang=\"fi\" dir=\"ltr\" data-wpcf7-id=\"1503\">\n<div class=\"screen-reader-response\"><p role=\"status\" aria-live=\"polite\" aria-atomic=\"true\"><\/p> <ul><\/ul><\/div>\n<form action=\"\/fi\/wp-json\/wp\/v2\/pages\/1476#wpcf7-f1503-o1\" method=\"post\" class=\"wpcf7-form init\" aria-label=\"Yhteydenottolomake\" novalidate=\"novalidate\" data-status=\"init\">\n<fieldset class=\"hidden-fields-container\"><input type=\"hidden\" name=\"_wpcf7\" value=\"1503\" \/><input type=\"hidden\" name=\"_wpcf7_version\" value=\"6.1.2\" \/><input type=\"hidden\" name=\"_wpcf7_locale\" value=\"fi\" \/><input type=\"hidden\" name=\"_wpcf7_unit_tag\" value=\"wpcf7-f1503-o1\" \/><input type=\"hidden\" name=\"_wpcf7_container_post\" value=\"0\" \/><input type=\"hidden\" name=\"_wpcf7_posted_data_hash\" value=\"\" \/><input type=\"hidden\" name=\"_wpcf7_recaptcha_response\" value=\"\" \/>\n<\/fieldset>\n<div class=\"container\">\n\t<div class=\"row\">\n\t\t<div class=\"col-6 col-md-6\">\n\t\t\t<p><label> Puhelin<br \/>\n<span class=\"wpcf7-form-control-wrap\" data-name=\"your-name\"><input size=\"40\" maxlength=\"400\" class=\"wpcf7-form-control wpcf7-text wpcf7-validates-as-required\" aria-required=\"true\" aria-invalid=\"false\" value=\"\" type=\"text\" name=\"your-name\" \/><\/span> <\/label>\n\t\t\t<\/p>\n\t\t<\/div>\n\t\t<div class=\"col-6 col-md-6\">\n\t\t\t<p><label> S\u00e4hk\u00f6postiosoitteesi<br \/>\n<span class=\"wpcf7-form-control-wrap\" data-name=\"your-email\"><input size=\"40\" maxlength=\"400\" class=\"wpcf7-form-control wpcf7-email wpcf7-validates-as-required wpcf7-text wpcf7-validates-as-email\" aria-required=\"true\" aria-invalid=\"false\" value=\"\" type=\"email\" name=\"your-email\" \/><\/span> <\/label>\n\t\t\t<\/p>\n\t\t<\/div>\n\t<\/div>\n\t<div class=\"row\">\n\t\t<div class=\"col-6 col-md-6\">\n\t\t\t<p><label> Yritys<br \/>\n<span class=\"wpcf7-form-control-wrap\" data-name=\"your-subject\"><input size=\"40\" maxlength=\"400\" class=\"wpcf7-form-control wpcf7-text wpcf7-validates-as-required\" aria-required=\"true\" aria-invalid=\"false\" value=\"\" type=\"text\" name=\"your-subject\" \/><\/span> <\/label>\n\t\t\t<\/p>\n\t\t<\/div>\n\t\t<div class=\"col-6 col-md-6\">\n\t\t\t<p><label> Tuote<br \/>\n<span class=\"wpcf7-form-control-wrap\" data-name=\"menu-729\"><select class=\"wpcf7-form-control wpcf7-select\" aria-invalid=\"false\" name=\"menu-729\"><option value=\"Staircon\">Staircon<\/option><option value=\"Topsolid\">Topsolid<\/option><option value=\"Ardis\">Ardis<\/option><option value=\"NC-Hops\">NC-Hops<\/option><option value=\"SL-Laser\">SL-Laser<\/option><option value=\"Flexijet\">Flexijet<\/option><option value=\"Muu\">Muu<\/option><\/select><\/span> <\/label>\n\t\t\t<\/p>\n\t\t<\/div>\n\t<\/div>\n\t<div class=\"row\">\n\t\t<div class=\"col-12 col-md-12\">\n\t\t\t<p><label> Viestin sis\u00e4lt\u00f6, nimi, asema<br \/>\n<span class=\"wpcf7-form-control-wrap\" data-name=\"your-message\"><textarea cols=\"40\" rows=\"5\" maxlength=\"2000\" class=\"wpcf7-form-control wpcf7-textarea\" aria-invalid=\"false\" name=\"your-message\"><\/textarea><\/span> <\/label>\n\t\t\t<\/p>\n\t\t<\/div>\n\t<\/div>\n\t<div class=\"row\">\n\t\t<div class=\"col-12 col-md-12\">\n\t\t\t<p><input class=\"wpcf7-form-control wpcf7-submit has-spinner\" type=\"submit\" value=\"L\u00e4het\u00e4\" \/>\n\t\t\t<\/p>\n\t\t<\/div>\n\t<\/div>\n<\/div><div class=\"wpcf7-response-output\" aria-hidden=\"true\"><\/div>\n<\/form>\n<\/div>\n[\/vc_column][\/vc_row]<\/p>\n<\/div>","protected":false},"excerpt":{"rendered":"<p>[vc_row gap=&#8221;20&#8243;][vc_column][vc_column_text] Asiakaskeskeisyys onnistumisesi eteen. [\/vc_column_text][vc_column_text]Suhteemme ei p\u00e4\u00e4ty ohjelmiston tai laitteen asennukseen. T\u00e4m\u00e4 on vasta alkua. Tarjoamme tukea s\u00e4hk\u00f6postitse, valmistelemme video-oppaan tai j\u00e4rjest\u00e4mme verkkoistunnon (Teamviewer). CAD4Woodilla on myynti- ja teknisen tuen toimistot Virossa, Suomessa ja Liettuassa. L\u00f6yd\u00e4t l\u00e4himm\u00e4n edustajan\u00a0yhteystiedoistamme. Paras ja nopein tapa saada tukea, kirjoita meille: support@cad4wood.eu Tai k\u00e4yt\u00e4 yhteydenottolomakettamme:[\/vc_column_text][\/vc_column][\/vc_row][vc_row css=&#8221;.vc_custom_1652260399715{margin-top: 32px !important;background-color: #ffffff [&hellip;]<\/p>\n","protected":false},"author":2,"featured_media":0,"parent":0,"menu_order":0,"comment_status":"closed","ping_status":"closed","template":"page-full.php","meta":{"footnotes":""},"class_list":["post-1476","page","type-page","status-publish","hentry"],"yoast_head":"<!-- This site is optimized with the Yoast SEO plugin v26.2 - https:\/\/yoast.com\/wordpress\/plugins\/seo\/ -->\n<title>Tekninen tuki - Cad4Wood<\/title>\n<meta name=\"robots\" content=\"index, follow, max-snippet:-1, max-image-preview:large, max-video-preview:-1\" \/>\n<link rel=\"canonical\" href=\"https:\/\/www.cad4wood.eu\/fi\/tekninen-tuki\/\" \/>\n<meta property=\"og:locale\" content=\"fi_FI\" \/>\n<meta property=\"og:type\" content=\"article\" \/>\n<meta property=\"og:title\" content=\"Tekninen tuki - Cad4Wood\" \/>\n<meta property=\"og:description\" content=\"[vc_row gap=&#8221;20&#8243;][vc_column][vc_column_text] Asiakaskeskeisyys onnistumisesi eteen. [\/vc_column_text][vc_column_text]Suhteemme ei p\u00e4\u00e4ty ohjelmiston tai laitteen asennukseen. T\u00e4m\u00e4 on vasta alkua. Tarjoamme tukea s\u00e4hk\u00f6postitse, valmistelemme video-oppaan tai j\u00e4rjest\u00e4mme verkkoistunnon (Teamviewer). CAD4Woodilla on myynti- ja teknisen tuen toimistot Virossa, Suomessa ja Liettuassa. L\u00f6yd\u00e4t l\u00e4himm\u00e4n edustajan\u00a0yhteystiedoistamme. Paras ja nopein tapa saada tukea, kirjoita meille: support@cad4wood.eu Tai k\u00e4yt\u00e4 yhteydenottolomakettamme:[\/vc_column_text][\/vc_column][\/vc_row][vc_row css=&#8221;.vc_custom_1652260399715{margin-top: 32px !important;background-color: #ffffff [&hellip;]\" \/>\n<meta property=\"og:url\" content=\"https:\/\/www.cad4wood.eu\/fi\/tekninen-tuki\/\" \/>\n<meta property=\"og:site_name\" content=\"Cad4Wood\" \/>\n<meta property=\"article:publisher\" content=\"https:\/\/www.facebook.com\/CAD4Wood\" \/>\n<meta property=\"article:modified_time\" content=\"2025-10-22T11:39:36+00:00\" \/>\n<meta name=\"twitter:card\" content=\"summary_large_image\" \/>\n<meta name=\"twitter:label1\" content=\"Arvioitu lukuaika\" \/>\n\t<meta name=\"twitter:data1\" content=\"1 minuutti\" \/>\n<script type=\"application\/ld+json\" class=\"yoast-schema-graph\">{\"@context\":\"https:\/\/schema.org\",\"@graph\":[{\"@type\":\"WebPage\",\"@id\":\"https:\/\/www.cad4wood.eu\/fi\/tekninen-tuki\/\",\"url\":\"https:\/\/www.cad4wood.eu\/fi\/tekninen-tuki\/\",\"name\":\"Tekninen tuki - Cad4Wood\",\"isPartOf\":{\"@id\":\"https:\/\/www.cad4wood.eu\/#website\"},\"datePublished\":\"2022-07-01T12:02:30+00:00\",\"dateModified\":\"2025-10-22T11:39:36+00:00\",\"breadcrumb\":{\"@id\":\"https:\/\/www.cad4wood.eu\/fi\/tekninen-tuki\/#breadcrumb\"},\"inLanguage\":\"fi\",\"potentialAction\":[{\"@type\":\"ReadAction\",\"target\":[\"https:\/\/www.cad4wood.eu\/fi\/tekninen-tuki\/\"]}]},{\"@type\":\"BreadcrumbList\",\"@id\":\"https:\/\/www.cad4wood.eu\/fi\/tekninen-tuki\/#breadcrumb\",\"itemListElement\":[{\"@type\":\"ListItem\",\"position\":1,\"name\":\"Home\",\"item\":\"https:\/\/www.cad4wood.eu\/fi\/\"},{\"@type\":\"ListItem\",\"position\":2,\"name\":\"Tekninen tuki\"}]},{\"@type\":\"WebSite\",\"@id\":\"https:\/\/www.cad4wood.eu\/#website\",\"url\":\"https:\/\/www.cad4wood.eu\/\",\"name\":\"Cad4Wood\",\"description\":\"Software and equipment for industries\",\"publisher\":{\"@id\":\"https:\/\/www.cad4wood.eu\/#organization\"},\"potentialAction\":[{\"@type\":\"SearchAction\",\"target\":{\"@type\":\"EntryPoint\",\"urlTemplate\":\"https:\/\/www.cad4wood.eu\/?s={search_term_string}\"},\"query-input\":{\"@type\":\"PropertyValueSpecification\",\"valueRequired\":true,\"valueName\":\"search_term_string\"}}],\"inLanguage\":\"fi\"},{\"@type\":\"Organization\",\"@id\":\"https:\/\/www.cad4wood.eu\/#organization\",\"name\":\"Cad4Wood\",\"url\":\"https:\/\/www.cad4wood.eu\/\",\"logo\":{\"@type\":\"ImageObject\",\"inLanguage\":\"fi\",\"@id\":\"https:\/\/www.cad4wood.eu\/#\/schema\/logo\/image\/\",\"url\":\"http:\/\/www.cad4wood.eu\/wp-content\/uploads\/2022\/07\/cad4wood_logo_short_web_300px-1.png\",\"contentUrl\":\"http:\/\/www.cad4wood.eu\/wp-content\/uploads\/2022\/07\/cad4wood_logo_short_web_300px-1.png\",\"width\":300,\"height\":300,\"caption\":\"Cad4Wood\"},\"image\":{\"@id\":\"https:\/\/www.cad4wood.eu\/#\/schema\/logo\/image\/\"},\"sameAs\":[\"https:\/\/www.facebook.com\/CAD4Wood\"]}]}<\/script>\n<!-- \/ Yoast SEO plugin. -->","yoast_head_json":{"title":"Tekninen tuki - Cad4Wood","robots":{"index":"index","follow":"follow","max-snippet":"max-snippet:-1","max-image-preview":"max-image-preview:large","max-video-preview":"max-video-preview:-1"},"canonical":"https:\/\/www.cad4wood.eu\/fi\/tekninen-tuki\/","og_locale":"fi_FI","og_type":"article","og_title":"Tekninen tuki - Cad4Wood","og_description":"[vc_row gap=&#8221;20&#8243;][vc_column][vc_column_text] Asiakaskeskeisyys onnistumisesi eteen. [\/vc_column_text][vc_column_text]Suhteemme ei p\u00e4\u00e4ty ohjelmiston tai laitteen asennukseen. T\u00e4m\u00e4 on vasta alkua. Tarjoamme tukea s\u00e4hk\u00f6postitse, valmistelemme video-oppaan tai j\u00e4rjest\u00e4mme verkkoistunnon (Teamviewer). CAD4Woodilla on myynti- ja teknisen tuen toimistot Virossa, Suomessa ja Liettuassa. L\u00f6yd\u00e4t l\u00e4himm\u00e4n edustajan\u00a0yhteystiedoistamme. Paras ja nopein tapa saada tukea, kirjoita meille: support@cad4wood.eu Tai k\u00e4yt\u00e4 yhteydenottolomakettamme:[\/vc_column_text][\/vc_column][\/vc_row][vc_row css=&#8221;.vc_custom_1652260399715{margin-top: 32px !important;background-color: #ffffff [&hellip;]","og_url":"https:\/\/www.cad4wood.eu\/fi\/tekninen-tuki\/","og_site_name":"Cad4Wood","article_publisher":"https:\/\/www.facebook.com\/CAD4Wood","article_modified_time":"2025-10-22T11:39:36+00:00","twitter_card":"summary_large_image","twitter_misc":{"Arvioitu lukuaika":"1 minuutti"},"schema":{"@context":"https:\/\/schema.org","@graph":[{"@type":"WebPage","@id":"https:\/\/www.cad4wood.eu\/fi\/tekninen-tuki\/","url":"https:\/\/www.cad4wood.eu\/fi\/tekninen-tuki\/","name":"Tekninen tuki - Cad4Wood","isPartOf":{"@id":"https:\/\/www.cad4wood.eu\/#website"},"datePublished":"2022-07-01T12:02:30+00:00","dateModified":"2025-10-22T11:39:36+00:00","breadcrumb":{"@id":"https:\/\/www.cad4wood.eu\/fi\/tekninen-tuki\/#breadcrumb"},"inLanguage":"fi","potentialAction":[{"@type":"ReadAction","target":["https:\/\/www.cad4wood.eu\/fi\/tekninen-tuki\/"]}]},{"@type":"BreadcrumbList","@id":"https:\/\/www.cad4wood.eu\/fi\/tekninen-tuki\/#breadcrumb","itemListElement":[{"@type":"ListItem","position":1,"name":"Home","item":"https:\/\/www.cad4wood.eu\/fi\/"},{"@type":"ListItem","position":2,"name":"Tekninen tuki"}]},{"@type":"WebSite","@id":"https:\/\/www.cad4wood.eu\/#website","url":"https:\/\/www.cad4wood.eu\/","name":"Cad4Wood","description":"Software and equipment for industries","publisher":{"@id":"https:\/\/www.cad4wood.eu\/#organization"},"potentialAction":[{"@type":"SearchAction","target":{"@type":"EntryPoint","urlTemplate":"https:\/\/www.cad4wood.eu\/?s={search_term_string}"},"query-input":{"@type":"PropertyValueSpecification","valueRequired":true,"valueName":"search_term_string"}}],"inLanguage":"fi"},{"@type":"Organization","@id":"https:\/\/www.cad4wood.eu\/#organization","name":"Cad4Wood","url":"https:\/\/www.cad4wood.eu\/","logo":{"@type":"ImageObject","inLanguage":"fi","@id":"https:\/\/www.cad4wood.eu\/#\/schema\/logo\/image\/","url":"http:\/\/www.cad4wood.eu\/wp-content\/uploads\/2022\/07\/cad4wood_logo_short_web_300px-1.png","contentUrl":"http:\/\/www.cad4wood.eu\/wp-content\/uploads\/2022\/07\/cad4wood_logo_short_web_300px-1.png","width":300,"height":300,"caption":"Cad4Wood"},"image":{"@id":"https:\/\/www.cad4wood.eu\/#\/schema\/logo\/image\/"},"sameAs":["https:\/\/www.facebook.com\/CAD4Wood"]}]}},"_links":{"self":[{"href":"https:\/\/www.cad4wood.eu\/fi\/wp-json\/wp\/v2\/pages\/1476","targetHints":{"allow":["GET"]}}],"collection":[{"href":"https:\/\/www.cad4wood.eu\/fi\/wp-json\/wp\/v2\/pages"}],"about":[{"href":"https:\/\/www.cad4wood.eu\/fi\/wp-json\/wp\/v2\/types\/page"}],"author":[{"embeddable":true,"href":"https:\/\/www.cad4wood.eu\/fi\/wp-json\/wp\/v2\/users\/2"}],"replies":[{"embeddable":true,"href":"https:\/\/www.cad4wood.eu\/fi\/wp-json\/wp\/v2\/comments?post=1476"}],"version-history":[{"count":5,"href":"https:\/\/www.cad4wood.eu\/fi\/wp-json\/wp\/v2\/pages\/1476\/revisions"}],"predecessor-version":[{"id":1871,"href":"https:\/\/www.cad4wood.eu\/fi\/wp-json\/wp\/v2\/pages\/1476\/revisions\/1871"}],"wp:attachment":[{"href":"https:\/\/www.cad4wood.eu\/fi\/wp-json\/wp\/v2\/media?parent=1476"}],"curies":[{"name":"wp","href":"https:\/\/api.w.org\/{rel}","templated":true}]}}